{"id":88,"date":"2016-08-29T14:51:56","date_gmt":"2016-08-29T12:51:56","guid":{"rendered":"http:\/\/www.eferding1900.at\/WP\/?page_id=88"},"modified":"2016-09-25T12:34:05","modified_gmt":"2016-09-25T10:34:05","slug":"schloss","status":"publish","type":"page","link":"http:\/\/www.eferding1900.at\/WP\/pflegestaetten\/schloss\/","title":{"rendered":"Schloss Starhemberg"},"content":{"rendered":"<p><strong>Pflegest\u00e4tte Schloss Starhemberg<br \/>\n<\/strong><\/p>\n<p style=\"text-align: justify;\">Das Angebot zu Errichtung einer Pflegest\u00e4tte im Schloss Starhemberg wurde mit einem Schreiben vom Landeshilfsverein am 29.09.1914 angenommen und ersucht sogleich die R\u00e4ume bereitzustellen. Dem Schreiben angeschlossen ist eine umfangreiche Belehrung, unter anderem die Kennzeichnung: \u201eAuf dem Geb\u00e4ude ist die Fahne mit dem Roten Kreuz zu hissen und eine Aufschriftstafel \u2018Pflegest\u00e4tte vom Roten Kreuz\u2018 anzubringen\u201c.<\/p>\n<p style=\"text-align: justify;\">Es wurde eine Privatpflegest\u00e4tte f\u00fcr \u201e12 Offiziere und 20 Mann\u201c eingerichtet und vom 1. Dezember 1914 bis 9. Oktober 1915 betrieben. Sie unterstand als einzige in Eferding nicht den Zweigvereinen des Roten Kreuzes. Die administrative Leitung und Verwaltung wurde vom f\u00fcrstlichen Sekret\u00e4r, Herrn Michael Sterrer, besorgt, unterstand aber wie alle anderen dem Milit\u00e4r bzw. dem Reservespital Wels.\u00a0 Tats\u00e4chlich wurden aber keine Offiziere zugewiesen sondern 87 verletzte Soldaten, die jeweils einige Wochen blieben und es in Summe auf 4373 Verpflegungstage brachten.<\/p>\n<p style=\"text-align: justify;\">Die \u00e4rztliche Versorgung f\u00fchrte Dr. Anton Tr\u00f6ster unentgeltlich durch. Allerdings nicht vor Ort im Schloss, sondern in seiner Ambulanz in der Pflegest\u00e4tte im Schiferstift. Die Pfleglinge mussten sich zur Begutachtung dorthin begeben.<\/p>\n<div id=\"attachment_100\" style=\"width: 671px\" class=\"wp-caption alignnone\"><img loading=\"lazy\" decoding=\"async\" aria-describedby=\"caption-attachment-100\" class=\"wp-image-100 size-full\" src=\"http:\/\/www.eferding1900.at\/WP\/wp-content\/uploads\/2016\/08\/Schloss.jpg\" alt=\"Schloss\" width=\"661\" height=\"338\" srcset=\"http:\/\/www.eferding1900.at\/WP\/wp-content\/uploads\/2016\/08\/Schloss.jpg 661w, http:\/\/www.eferding1900.at\/WP\/wp-content\/uploads\/2016\/08\/Schloss-300x153.jpg 300w, http:\/\/www.eferding1900.at\/WP\/wp-content\/uploads\/2016\/08\/Schloss-260x133.jpg 260w, http:\/\/www.eferding1900.at\/WP\/wp-content\/uploads\/2016\/08\/Schloss-50x26.jpg 50w, http:\/\/www.eferding1900.at\/WP\/wp-content\/uploads\/2016\/08\/Schloss-147x75.jpg 147w\" sizes=\"(max-width: 661px) 100vw, 661px\" \/><p id=\"caption-attachment-100\" class=\"wp-caption-text\">Soldaten und Kinder von Starhemberg in deren Schloss<\/p><\/div>\n<p style=\"text-align: justify;\">Die Gesamtkosten f\u00fcr Unterbringung, Versorgung und Verpflegung (es wurden unter anderem Kosten f\u00fcr Einrichtung, Beheizung, Ausspeisung, Beleuchtung, Apotheke, Bandagist, Tabak und Zigarren angef\u00fchrt) betrugen den stattlichen Betrag von rund 19.000 Kronen. Von der Milit\u00e4rverwaltung wurden 11.757 Kronen r\u00fcckerstattet, die Differenz von 7.243K wurde durch Frau Franziska F\u00fcrstin Starhemberg privat beglichen.<\/p>\n","protected":false},"excerpt":{"rendered":"<p>Pflegest\u00e4tte Schloss Starhemberg Das Angebot zu Errichtung einer Pflegest\u00e4tte im Schloss Starhemberg wurde mit einem Schreiben vom Landeshilfsverein am 29.09.1914 angenommen und ersucht sogleich die R\u00e4ume bereitzustellen. Dem Schreiben angeschlossen ist eine umfangreiche Belehrung, unter anderem die Kennzeichnung: \u201eAuf dem Geb\u00e4ude ist die Fahne mit dem Roten Kreuz zu hissen und eine Aufschriftstafel \u2018Pflegest\u00e4tte vom Roten Kreuz\u2018 anzubringen\u201c. Es wurde eine Privatpflegest\u00e4tte f\u00fcr \u201e12 Offiziere und 20 Mann\u201c eingerichtet und vom 1. Dezember 1914 bis 9. Oktober 1915 betrieben. Sie unterstand als einzige in Eferding nicht den Zweigvereinen des Roten Kreuzes. Die administrative Leitung und Verwaltung wurde vom f\u00fcrstlichen Sekret\u00e4r, Herrn Michael Sterrer, besorgt, unterstand aber wie alle anderen dem Milit\u00e4r bzw. dem Reservespital Wels.\u00a0 Tats\u00e4chlich wurden aber keine Offiziere zugewiesen sondern 87 verletzte Soldaten, die jeweils einige Wochen blieben und es in Summe auf 4373 Verpflegungstage brachten. Die \u00e4rztliche Versorgung f\u00fchrte Dr. Anton Tr\u00f6ster unentgeltlich durch. Allerdings nicht vor Ort im Schloss, sondern in seiner Ambulanz in der Pflegest\u00e4tte im Schiferstift. Die Pfleglinge mussten sich zur Begutachtung dorthin begeben. Die Gesamtkosten f\u00fcr Unterbringung, Versorgung und Verpflegung (es wurden unter anderem Kosten f\u00fcr Einrichtung, Beheizung, Ausspeisung, Beleuchtung, Apotheke, Bandagist, Tabak und Zigarren angef\u00fchrt) betrugen den stattlichen Betrag von rund 19.000 [&hellip;]<\/p>\n","protected":false},"author":1,"featured_media":0,"parent":30,"menu_order":0,"comment_status":"closed","ping_status":"closed","template":"","meta":{"footnotes":""},"_links":{"self":[{"href":"http:\/\/www.eferding1900.at\/WP\/wp-json\/wp\/v2\/pages\/88"}],"collection":[{"href":"http:\/\/www.eferding1900.at\/WP\/wp-json\/wp\/v2\/pages"}],"about":[{"href":"http:\/\/www.eferding1900.at\/WP\/wp-json\/wp\/v2\/types\/page"}],"author":[{"embeddable":true,"href":"http:\/\/www.eferding1900.at\/WP\/wp-json\/wp\/v2\/users\/1"}],"replies":[{"embeddable":true,"href":"http:\/\/www.eferding1900.at\/WP\/wp-json\/wp\/v2\/comments?post=88"}],"version-history":[{"count":8,"href":"http:\/\/www.eferding1900.at\/WP\/wp-json\/wp\/v2\/pages\/88\/revisions"}],"predecessor-version":[{"id":229,"href":"http:\/\/www.eferding1900.at\/WP\/wp-json\/wp\/v2\/pages\/88\/revisions\/229"}],"up":[{"embeddable":true,"href":"http:\/\/www.eferding1900.at\/WP\/wp-json\/wp\/v2\/pages\/30"}],"wp:attachment":[{"href":"http:\/\/www.eferding1900.at\/WP\/wp-json\/wp\/v2\/media?parent=88"}],"curies":[{"name":"wp","href":"https:\/\/api.w.org\/{rel}","templated":true}]}}