{"id":86,"date":"2016-08-29T14:51:27","date_gmt":"2016-08-29T12:51:27","guid":{"rendered":"http:\/\/www.eferding1900.at\/WP\/?page_id=86"},"modified":"2019-08-14T13:48:54","modified_gmt":"2019-08-14T11:48:54","slug":"priwasserhaus","status":"publish","type":"page","link":"http:\/\/www.eferding1900.at\/WP\/pflegestaetten\/priwasserhaus\/","title":{"rendered":"Neum\u00fcllerhaus"},"content":{"rendered":"<p><strong>Pflegest\u00e4tte Neum\u00fcllerhaus<\/strong><\/p>\n<p>Diese Pflegest\u00e4tte befand sich auf Nr. 102, heute Keplerstra\u00dfe 3, welches sich im Eigentum der evangelischen Kirchengemeinde befand. Genannt wurde dieses Geb\u00e4ude auch &#8220;beim Dorn&#8221;, bzw. &#8220;Priwasserhaus&#8221;.<\/p>\n<p style=\"text-align: justify;\">Geleitet wurde die Pflegest\u00e4tte von Fr\u00e4ulein Theodora Brik. Als Pflegerinnen waren Fr\u00e4ulein Dopplinger, Fr\u00e4ulein Artmeier, Fr\u00e4ulein Heftberger und Frau Wiesinger eingesetzt.<\/p>\n<p style=\"text-align: justify;\">Um die \u00e4rztliche Versorgung k\u00fcmmerte sich Dr. Fuchsmeyer, die Essensversorgung kam vom gegen\u00fcberliegenden Richterwirt.<\/p>\n<div id=\"attachment_98\" style=\"width: 754px\" class=\"wp-caption alignnone\"><img loading=\"lazy\" decoding=\"async\" aria-describedby=\"caption-attachment-98\" class=\"wp-image-98 size-full\" src=\"http:\/\/www.eferding1900.at\/WP\/wp-content\/uploads\/2016\/08\/Priwasserhaus.jpg\" alt=\"Priwasserhaus\" width=\"744\" height=\"395\" srcset=\"http:\/\/www.eferding1900.at\/WP\/wp-content\/uploads\/2016\/08\/Priwasserhaus.jpg 744w, http:\/\/www.eferding1900.at\/WP\/wp-content\/uploads\/2016\/08\/Priwasserhaus-300x159.jpg 300w, http:\/\/www.eferding1900.at\/WP\/wp-content\/uploads\/2016\/08\/Priwasserhaus-260x138.jpg 260w, http:\/\/www.eferding1900.at\/WP\/wp-content\/uploads\/2016\/08\/Priwasserhaus-50x27.jpg 50w, http:\/\/www.eferding1900.at\/WP\/wp-content\/uploads\/2016\/08\/Priwasserhaus-141x75.jpg 141w\" sizes=\"(max-width: 744px) 100vw, 744px\" \/><p id=\"caption-attachment-98\" class=\"wp-caption-text\">Soldaten in der Pflegest\u00e4tte Neum\u00fcllerhaus<\/p><\/div>\n","protected":false},"excerpt":{"rendered":"<p>Pflegest\u00e4tte Neum\u00fcllerhaus Diese Pflegest\u00e4tte befand sich auf Nr. 102, heute Keplerstra\u00dfe 3, welches sich im Eigentum der evangelischen Kirchengemeinde befand. Genannt wurde dieses Geb\u00e4ude auch &#8220;beim Dorn&#8221;, bzw. &#8220;Priwasserhaus&#8221;. Geleitet wurde die Pflegest\u00e4tte von Fr\u00e4ulein Theodora Brik. Als Pflegerinnen waren Fr\u00e4ulein Dopplinger, Fr\u00e4ulein Artmeier, Fr\u00e4ulein Heftberger und Frau Wiesinger eingesetzt. Um die \u00e4rztliche Versorgung k\u00fcmmerte sich Dr. Fuchsmeyer, die Essensversorgung kam vom gegen\u00fcberliegenden Richterwirt.<\/p>\n","protected":false},"author":1,"featured_media":0,"parent":30,"menu_order":0,"comment_status":"closed","ping_status":"closed","template":"","meta":{"footnotes":""},"_links":{"self":[{"href":"http:\/\/www.eferding1900.at\/WP\/wp-json\/wp\/v2\/pages\/86"}],"collection":[{"href":"http:\/\/www.eferding1900.at\/WP\/wp-json\/wp\/v2\/pages"}],"about":[{"href":"http:\/\/www.eferding1900.at\/WP\/wp-json\/wp\/v2\/types\/page"}],"author":[{"embeddable":true,"href":"http:\/\/www.eferding1900.at\/WP\/wp-json\/wp\/v2\/users\/1"}],"replies":[{"embeddable":true,"href":"http:\/\/www.eferding1900.at\/WP\/wp-json\/wp\/v2\/comments?post=86"}],"version-history":[{"count":4,"href":"http:\/\/www.eferding1900.at\/WP\/wp-json\/wp\/v2\/pages\/86\/revisions"}],"predecessor-version":[{"id":437,"href":"http:\/\/www.eferding1900.at\/WP\/wp-json\/wp\/v2\/pages\/86\/revisions\/437"}],"up":[{"embeddable":true,"href":"http:\/\/www.eferding1900.at\/WP\/wp-json\/wp\/v2\/pages\/30"}],"wp:attachment":[{"href":"http:\/\/www.eferding1900.at\/WP\/wp-json\/wp\/v2\/media?parent=86"}],"curies":[{"name":"wp","href":"https:\/\/api.w.org\/{rel}","templated":true}]}}