{"id":83,"date":"2016-08-29T14:50:57","date_gmt":"2016-08-29T12:50:57","guid":{"rendered":"http:\/\/www.eferding1900.at\/WP\/?page_id=83"},"modified":"2016-09-25T12:31:55","modified_gmt":"2016-09-25T10:31:55","slug":"turnsaal","status":"publish","type":"page","link":"http:\/\/www.eferding1900.at\/WP\/pflegestaetten\/turnsaal\/","title":{"rendered":"Turnsaal"},"content":{"rendered":"<p><strong>Pflegest\u00e4tte Turnsaal<\/strong><\/p>\n<p style=\"text-align: justify;\">Unweit von der Pflegest\u00e4tte Priwasserhaus waren in der Turnhalle der Kaiser-Franz Jubil\u00e4umsschule ebenfalls Verwundete untergebracht.<\/p>\n<p style=\"text-align: justify;\">Die Leitung \u00fcbernahm Marie Strasser, als Pflegerinnen\u00a0 waren unter anderem Frau M. Stadlbauer, Frau Milla Angermeier, Frau Specht, Fr\u00e4ulein Klinger, Fr\u00e4ulein Michlbauer, Fr\u00e4ulein Huber und Fr\u00e4ulein Franzmeier eingesetzt. Es d\u00fcrfte zu h\u00e4ufigem Personalwechsel gekommen sein, im M\u00e4rz 1915 verantworteten 2 Tertiarschwestern die Krankenpflege. F\u00fcr die \u00e4rztliche Versorgung war Dr. Fuchsmeyer zust\u00e4ndig, das Essen wurde vom Gastwirt B\u00f6singer angeliefert.<\/p>\n<div id=\"attachment_103\" style=\"width: 798px\" class=\"wp-caption alignnone\"><img loading=\"lazy\" decoding=\"async\" aria-describedby=\"caption-attachment-103\" class=\"wp-image-103 size-full\" src=\"http:\/\/www.eferding1900.at\/WP\/wp-content\/uploads\/2016\/08\/Turnhalle.jpg\" alt=\"Turnhalle\" width=\"788\" height=\"339\" srcset=\"http:\/\/www.eferding1900.at\/WP\/wp-content\/uploads\/2016\/08\/Turnhalle.jpg 788w, http:\/\/www.eferding1900.at\/WP\/wp-content\/uploads\/2016\/08\/Turnhalle-300x129.jpg 300w, http:\/\/www.eferding1900.at\/WP\/wp-content\/uploads\/2016\/08\/Turnhalle-768x330.jpg 768w, http:\/\/www.eferding1900.at\/WP\/wp-content\/uploads\/2016\/08\/Turnhalle-260x112.jpg 260w, http:\/\/www.eferding1900.at\/WP\/wp-content\/uploads\/2016\/08\/Turnhalle-50x22.jpg 50w, http:\/\/www.eferding1900.at\/WP\/wp-content\/uploads\/2016\/08\/Turnhalle-150x65.jpg 150w\" sizes=\"(max-width: 788px) 100vw, 788px\" \/><p id=\"caption-attachment-103\" class=\"wp-caption-text\">Soldaten vor der Turnhalle<\/p><\/div>\n","protected":false},"excerpt":{"rendered":"<p>Pflegest\u00e4tte Turnsaal Unweit von der Pflegest\u00e4tte Priwasserhaus waren in der Turnhalle der Kaiser-Franz Jubil\u00e4umsschule ebenfalls Verwundete untergebracht. Die Leitung \u00fcbernahm Marie Strasser, als Pflegerinnen\u00a0 waren unter anderem Frau M. Stadlbauer, Frau Milla Angermeier, Frau Specht, Fr\u00e4ulein Klinger, Fr\u00e4ulein Michlbauer, Fr\u00e4ulein Huber und Fr\u00e4ulein Franzmeier eingesetzt. Es d\u00fcrfte zu h\u00e4ufigem Personalwechsel gekommen sein, im M\u00e4rz 1915 verantworteten 2 Tertiarschwestern die Krankenpflege. F\u00fcr die \u00e4rztliche Versorgung war Dr. Fuchsmeyer zust\u00e4ndig, das Essen wurde vom Gastwirt B\u00f6singer angeliefert.<\/p>\n","protected":false},"author":1,"featured_media":0,"parent":30,"menu_order":0,"comment_status":"closed","ping_status":"closed","template":"","meta":{"footnotes":""},"_links":{"self":[{"href":"http:\/\/www.eferding1900.at\/WP\/wp-json\/wp\/v2\/pages\/83"}],"collection":[{"href":"http:\/\/www.eferding1900.at\/WP\/wp-json\/wp\/v2\/pages"}],"about":[{"href":"http:\/\/www.eferding1900.at\/WP\/wp-json\/wp\/v2\/types\/page"}],"author":[{"embeddable":true,"href":"http:\/\/www.eferding1900.at\/WP\/wp-json\/wp\/v2\/users\/1"}],"replies":[{"embeddable":true,"href":"http:\/\/www.eferding1900.at\/WP\/wp-json\/wp\/v2\/comments?post=83"}],"version-history":[{"count":3,"href":"http:\/\/www.eferding1900.at\/WP\/wp-json\/wp\/v2\/pages\/83\/revisions"}],"predecessor-version":[{"id":227,"href":"http:\/\/www.eferding1900.at\/WP\/wp-json\/wp\/v2\/pages\/83\/revisions\/227"}],"up":[{"embeddable":true,"href":"http:\/\/www.eferding1900.at\/WP\/wp-json\/wp\/v2\/pages\/30"}],"wp:attachment":[{"href":"http:\/\/www.eferding1900.at\/WP\/wp-json\/wp\/v2\/media?parent=83"}],"curies":[{"name":"wp","href":"https:\/\/api.w.org\/{rel}","templated":true}]}}