{"id":52,"date":"2016-08-29T14:03:21","date_gmt":"2016-08-29T12:03:21","guid":{"rendered":"http:\/\/www.eferding1900.at\/WP\/?page_id=52"},"modified":"2016-09-04T16:18:48","modified_gmt":"2016-09-04T14:18:48","slug":"frauen-hilfsverein","status":"publish","type":"page","link":"http:\/\/www.eferding1900.at\/WP\/vereine\/frauen-hilfsverein\/","title":{"rendered":"Frauen-Hilfsverein"},"content":{"rendered":"<p><strong>Frauen-Hilfsverein<\/strong><\/p>\n<p style=\"text-align: justify;\">Urspr\u00fcnglich waren einige Eferdinger Frauen Mitglieder im Frauenhilfsverein Wels. Um einen eigenen Zweigverein in zu gr\u00fcnden traten diese dort bereits im Februar 1909 aus und fanden sich nach diversen Vorbereitungsarbeiten am 28.Juni 1909 zu einer konstituierenden Sitzung im Saal der Sparkasse Eferding ein. Von 15 anwesenden Mitgliedern wurden zehn als Funktion\u00e4re gew\u00e4hlt.<br \/>\nIm Gr\u00fcndungsprotokoll vom 28.06.1909 finden sich folgende Personen:<\/p>\n<p style=\"padding-left: 30px;\"><img loading=\"lazy\" decoding=\"async\" class=\"size-full wp-image-60 alignright\" src=\"http:\/\/www.eferding1900.at\/WP\/wp-content\/uploads\/2016\/08\/Frauenhilfsverein.png\" alt=\"Frauenhilfsverein\" width=\"214\" height=\"235\" srcset=\"http:\/\/www.eferding1900.at\/WP\/wp-content\/uploads\/2016\/08\/Frauenhilfsverein.png 214w, http:\/\/www.eferding1900.at\/WP\/wp-content\/uploads\/2016\/08\/Frauenhilfsverein-133x146.png 133w, http:\/\/www.eferding1900.at\/WP\/wp-content\/uploads\/2016\/08\/Frauenhilfsverein-46x50.png 46w, http:\/\/www.eferding1900.at\/WP\/wp-content\/uploads\/2016\/08\/Frauenhilfsverein-68x75.png 68w\" sizes=\"(max-width: 214px) 100vw, 214px\" \/>Pr\u00e4sidentin Franziska F\u00fcrstin Starhemberg (in Abwesenheit)<br \/>\n1. Vizepr\u00e4sidentin Anna Schachinger<br \/>\n2. Vizepr\u00e4sidentin Z\u00e4zilia Zahradnik<br \/>\nSchriftf\u00fchrer Paula Habit (Gattin von Dr. Habit)<br \/>\nKassierin Mizi Finze<br \/>\nKassapr\u00fcferinnen Clara Schwarz<br \/>\nKassapr\u00fcferin Anna Sch\u00e4ffler<br \/>\nF\u00fcr Aschach Elsa Hittmann<br \/>\nF\u00fcr Alkoven Therese Friedl<br \/>\nF\u00fcr Hartkirchen Marie Langoth<br \/>\nBeirat Dr. Gustav Habit<br \/>\nBeirat Carl Schachinger, B\u00fcrgermeister<\/p>\n<p style=\"text-align: justify;\">Bereits mit der n\u00e4chsten Ausschusssitzung war Frau Friedl ausgetreten und ihre Funktion wurde durch Frau Uhlik (Gattin von Dr. Uhlik aus Alkoven) \u00fcbernommen.<br \/>\nAufgabe des Frauenhilfsvereines war zun\u00e4chst das Sammeln von Geldspenden, nach Kriegsanbruch wurden aber auch verschiedenste andere G\u00fcter wie Nahrungsmittel, Decken, W\u00e4sche, Rohstoffe, etc. gesammelt. Besonders verdient machte sich der Verein sp\u00e4ter um die Ausbildung von Pflegekr\u00e4ften und die Versorgung verwundeter Soldaten.<\/p>\n","protected":false},"excerpt":{"rendered":"<p>Frauen-Hilfsverein Urspr\u00fcnglich waren einige Eferdinger Frauen Mitglieder im Frauenhilfsverein Wels. Um einen eigenen Zweigverein in zu gr\u00fcnden traten diese dort bereits im Februar 1909 aus und fanden sich nach diversen Vorbereitungsarbeiten am 28.Juni 1909 zu einer konstituierenden Sitzung im Saal der Sparkasse Eferding ein. Von 15 anwesenden Mitgliedern wurden zehn als Funktion\u00e4re gew\u00e4hlt. Im Gr\u00fcndungsprotokoll vom 28.06.1909 finden sich folgende Personen: Pr\u00e4sidentin Franziska F\u00fcrstin Starhemberg (in Abwesenheit) 1. Vizepr\u00e4sidentin Anna Schachinger 2. Vizepr\u00e4sidentin Z\u00e4zilia Zahradnik Schriftf\u00fchrer Paula Habit (Gattin von Dr. Habit) Kassierin Mizi Finze Kassapr\u00fcferinnen Clara Schwarz Kassapr\u00fcferin Anna Sch\u00e4ffler F\u00fcr Aschach Elsa Hittmann F\u00fcr Alkoven Therese Friedl F\u00fcr Hartkirchen Marie Langoth Beirat Dr. Gustav Habit Beirat Carl Schachinger, B\u00fcrgermeister Bereits mit der n\u00e4chsten Ausschusssitzung war Frau Friedl ausgetreten und ihre Funktion wurde durch Frau Uhlik (Gattin von Dr. Uhlik aus Alkoven) \u00fcbernommen. Aufgabe des Frauenhilfsvereines war zun\u00e4chst das Sammeln von Geldspenden, nach Kriegsanbruch wurden aber auch verschiedenste andere G\u00fcter wie Nahrungsmittel, Decken, W\u00e4sche, Rohstoffe, etc. gesammelt. Besonders verdient machte sich der Verein sp\u00e4ter um die Ausbildung von Pflegekr\u00e4ften und die Versorgung verwundeter Soldaten.<\/p>\n","protected":false},"author":1,"featured_media":0,"parent":34,"menu_order":0,"comment_status":"closed","ping_status":"closed","template":"","meta":{"footnotes":""},"_links":{"self":[{"href":"http:\/\/www.eferding1900.at\/WP\/wp-json\/wp\/v2\/pages\/52"}],"collection":[{"href":"http:\/\/www.eferding1900.at\/WP\/wp-json\/wp\/v2\/pages"}],"about":[{"href":"http:\/\/www.eferding1900.at\/WP\/wp-json\/wp\/v2\/types\/page"}],"author":[{"embeddable":true,"href":"http:\/\/www.eferding1900.at\/WP\/wp-json\/wp\/v2\/users\/1"}],"replies":[{"embeddable":true,"href":"http:\/\/www.eferding1900.at\/WP\/wp-json\/wp\/v2\/comments?post=52"}],"version-history":[{"count":8,"href":"http:\/\/www.eferding1900.at\/WP\/wp-json\/wp\/v2\/pages\/52\/revisions"}],"predecessor-version":[{"id":206,"href":"http:\/\/www.eferding1900.at\/WP\/wp-json\/wp\/v2\/pages\/52\/revisions\/206"}],"up":[{"embeddable":true,"href":"http:\/\/www.eferding1900.at\/WP\/wp-json\/wp\/v2\/pages\/34"}],"wp:attachment":[{"href":"http:\/\/www.eferding1900.at\/WP\/wp-json\/wp\/v2\/media?parent=52"}],"curies":[{"name":"wp","href":"https:\/\/api.w.org\/{rel}","templated":true}]}}