{"id":49,"date":"2016-08-29T14:01:45","date_gmt":"2016-08-29T12:01:45","guid":{"rendered":"http:\/\/www.eferding1900.at\/WP\/?page_id=49"},"modified":"2019-08-14T13:55:05","modified_gmt":"2019-08-14T11:55:05","slug":"landes-hilfsverein","status":"publish","type":"page","link":"http:\/\/www.eferding1900.at\/WP\/vereine\/landes-hilfsverein\/","title":{"rendered":"Landes-Hilfsverein"},"content":{"rendered":"<p><strong>Landes-Hilfsverein<\/strong><\/p>\n<p style=\"text-align: justify;\">Hauptaufgabe waren das Sammeln von Geldbetr\u00e4gen und die Suche nach Quartierm\u00f6glichkeiten f\u00fcr verletzte und erkrankte Soldaten im Kriegsfall. F\u00fcr eine unentgeltliche Aufnahme meldeten sich im Jahre 1908 aus den Gemeinden Eferding, Pupping und Hinzenbach in Summe 79 Privatpersonen. Diese waren bereit 194 Soldaten kostenlos aufzunehmen, was 11% aller in Ober\u00f6sterreich ausgewiesenen Pl\u00e4tze ausmacht.<br \/>\nAuch die niedergelassenen \u00c4rzte melden sich beim Hilfsverein zur Versorgung, es waren dies im Bezirk Eferding der k.k. Bezirksarzt Dr. Gustav Habit sowie die Gemeinde\u00e4rzte Dr. Theodor Watzinger aus Aschach, Dr. Josef Fuchsmeyer und Dr. Anton Tr\u00f6ster aus Eferding, Dr. Johann Laimer aus Hartkirchen, Dr. Ludwig Franz aus St. Marienkirchen, Dr. Heinrich Hamann und Dr. Oskar Pastl aus Waizenkirchen. Bis auf Dr. Habit und Dr. Hamann war keiner mehr Landsturmpflichtig, was bedeutet dass sie im Falle einer Generalmobilmachung auf Grund ihres Alters keinen Wehrdienst mehr antreten mussten und somit im Hinterland zur Verf\u00fcgung standen.<\/p>\n<p>Im Jahresbericht von 1908 finden sich erstmals die Namen der Mitglieder im Eferdinger Zweigverein:<\/p>\n<p style=\"padding-left: 30px;\">Pr\u00e4sident Schachinger Carl, Kaufmann in Eferding<br \/>\nVizepr\u00e4sident Aitzetm\u00fcller Franz, Kooperator in Eferding<img loading=\"lazy\" decoding=\"async\" class=\"size-full wp-image-155 alignright\" src=\"http:\/\/www.eferding1900.at\/WP\/wp-content\/uploads\/2016\/08\/Landeshilfsverein.png\" alt=\"Landeshilfsverein\" width=\"280\" height=\"211\" srcset=\"http:\/\/www.eferding1900.at\/WP\/wp-content\/uploads\/2016\/08\/Landeshilfsverein.png 280w, http:\/\/www.eferding1900.at\/WP\/wp-content\/uploads\/2016\/08\/Landeshilfsverein-194x146.png 194w, http:\/\/www.eferding1900.at\/WP\/wp-content\/uploads\/2016\/08\/Landeshilfsverein-50x38.png 50w, http:\/\/www.eferding1900.at\/WP\/wp-content\/uploads\/2016\/08\/Landeshilfsverein-100x75.png 100w\" sizes=\"(max-width: 280px) 100vw, 280px\" \/><br \/>\nKassier Sauer Wenzel, Steuerverwalter i.P. in Eferding<br \/>\nSchriftf\u00fchrer Schirmbachler P., Privat<br \/>\nAschauer Matthias, Gasthofbesitzer<br \/>\nMayer Johann, Fleischhauer<br \/>\nBruckner Franz, Brauhausverwalter<br \/>\nMessina Severin, Bezirkshauptmann<br \/>\nHochleitner Karl, Zimmermeister<br \/>\nNadler Johann C., Lehrer i.P.<br \/>\nHollnsteiner Augustin, Kurat-Benefiziat<br \/>\nSchmidbauer Lampert, Pfarrer Waizenkirchen<br \/>\nH\u00fcbner A., k.k. Steuerbeamter i.P.<br \/>\nSterrer Michael, Starhemb. Sekret\u00e4r<br \/>\nHuemer Matthias, Kaufmann<br \/>\nSwedinek Anton, Pfarrer Aschach<br \/>\nKagerm\u00fcller Johann, Privat<br \/>\nWehrenfennig G., ev. Pfarrer Eferding<\/p>\n<p style=\"text-align: justify;\">An Hand der Berufsbezeichnungen kann man deren besonderen gesellschaftlichen Stand der Mitglieder erkennen. Die meisten der genannten Personen sind bis heute ein Begriff in Eferding. Eine besonders Steigerung erfuhr man im Jahr 1912 als 96 Mitglieder angeworben wurden.<\/p>\n","protected":false},"excerpt":{"rendered":"<p>Landes-Hilfsverein Hauptaufgabe waren das Sammeln von Geldbetr\u00e4gen und die Suche nach Quartierm\u00f6glichkeiten f\u00fcr verletzte und erkrankte Soldaten im Kriegsfall. F\u00fcr eine unentgeltliche Aufnahme meldeten sich im Jahre 1908 aus den Gemeinden Eferding, Pupping und Hinzenbach in Summe 79 Privatpersonen. Diese waren bereit 194 Soldaten kostenlos aufzunehmen, was 11% aller in Ober\u00f6sterreich ausgewiesenen Pl\u00e4tze ausmacht. Auch die niedergelassenen \u00c4rzte melden sich beim Hilfsverein zur Versorgung, es waren dies im Bezirk Eferding der k.k. Bezirksarzt Dr. Gustav Habit sowie die Gemeinde\u00e4rzte Dr. Theodor Watzinger aus Aschach, Dr. Josef Fuchsmeyer und Dr. Anton Tr\u00f6ster aus Eferding, Dr. Johann Laimer aus Hartkirchen, Dr. Ludwig Franz aus St. Marienkirchen, Dr. Heinrich Hamann und Dr. Oskar Pastl aus Waizenkirchen. Bis auf Dr. Habit und Dr. Hamann war keiner mehr Landsturmpflichtig, was bedeutet dass sie im Falle einer Generalmobilmachung auf Grund ihres Alters keinen Wehrdienst mehr antreten mussten und somit im Hinterland zur Verf\u00fcgung standen. Im Jahresbericht von 1908 finden sich erstmals die Namen der Mitglieder im Eferdinger Zweigverein: Pr\u00e4sident Schachinger Carl, Kaufmann in Eferding Vizepr\u00e4sident Aitzetm\u00fcller Franz, Kooperator in Eferding Kassier Sauer Wenzel, Steuerverwalter i.P. in Eferding Schriftf\u00fchrer Schirmbachler P., Privat Aschauer Matthias, Gasthofbesitzer Mayer Johann, Fleischhauer Bruckner Franz, Brauhausverwalter Messina Severin, Bezirkshauptmann Hochleitner Karl, Zimmermeister [&hellip;]<\/p>\n","protected":false},"author":1,"featured_media":0,"parent":34,"menu_order":0,"comment_status":"closed","ping_status":"closed","template":"","meta":{"footnotes":""},"_links":{"self":[{"href":"http:\/\/www.eferding1900.at\/WP\/wp-json\/wp\/v2\/pages\/49"}],"collection":[{"href":"http:\/\/www.eferding1900.at\/WP\/wp-json\/wp\/v2\/pages"}],"about":[{"href":"http:\/\/www.eferding1900.at\/WP\/wp-json\/wp\/v2\/types\/page"}],"author":[{"embeddable":true,"href":"http:\/\/www.eferding1900.at\/WP\/wp-json\/wp\/v2\/users\/1"}],"replies":[{"embeddable":true,"href":"http:\/\/www.eferding1900.at\/WP\/wp-json\/wp\/v2\/comments?post=49"}],"version-history":[{"count":7,"href":"http:\/\/www.eferding1900.at\/WP\/wp-json\/wp\/v2\/pages\/49\/revisions"}],"predecessor-version":[{"id":438,"href":"http:\/\/www.eferding1900.at\/WP\/wp-json\/wp\/v2\/pages\/49\/revisions\/438"}],"up":[{"embeddable":true,"href":"http:\/\/www.eferding1900.at\/WP\/wp-json\/wp\/v2\/pages\/34"}],"wp:attachment":[{"href":"http:\/\/www.eferding1900.at\/WP\/wp-json\/wp\/v2\/media?parent=49"}],"curies":[{"name":"wp","href":"https:\/\/api.w.org\/{rel}","templated":true}]}}