{"id":42,"date":"2016-08-29T13:51:30","date_gmt":"2016-08-29T11:51:30","guid":{"rendered":"http:\/\/www.eferding1900.at\/WP\/?page_id=42"},"modified":"2019-09-16T22:34:05","modified_gmt":"2019-09-16T20:34:05","slug":"rettungsabteilung","status":"publish","type":"page","link":"http:\/\/www.eferding1900.at\/WP\/vereine\/rettungsabteilung\/","title":{"rendered":"Rettungsabteilung"},"content":{"rendered":"<p><strong>Rettungsabteilung der Freiwilligen Feuerwehr<\/strong><\/p>\n<p style=\"text-align: justify;\">Die Ver\u00e4nderungen in der Medizin und am Gebiet der Krankenh\u00e4user brachten auch die Notwendigkeit erkrankte und verletzte Patienten schonend dorthin zu verbringen. Am 27. Dezember 1899 wurde daf\u00fcr bei der Freiwilligen Feuerwehr Eferding eine eigene Rettungsabteilung (auch Rettungs- oder Krankentransportkolonne genannt) gegr\u00fcndet. Aber auch schon vorher hatte man eine Tragbare zur Verf\u00fcgung und transportierte Verletzte, wie zum Beispiel jene schwer Verwundeten bei einem Brand am 18.05.1898 in Hinzenbach (aus &#8220;Zeitschrift der ober\u00f6sterreichischen Feuerwehren, 1.6.1898):<\/p>\n<p style=\"text-align: justify;\"><img loading=\"lazy\" decoding=\"async\" class=\"wp-image-394 alignleft\" src=\"http:\/\/www.eferding1900.at\/WP\/wp-content\/uploads\/2016\/08\/Zeitschrift-der-OOE-Feuerwehren-1898-Heft-19-Seite-6-271x300.png\" alt=\"\" width=\"622\" height=\"689\" srcset=\"http:\/\/www.eferding1900.at\/WP\/wp-content\/uploads\/2016\/08\/Zeitschrift-der-OOE-Feuerwehren-1898-Heft-19-Seite-6-271x300.png 271w, http:\/\/www.eferding1900.at\/WP\/wp-content\/uploads\/2016\/08\/Zeitschrift-der-OOE-Feuerwehren-1898-Heft-19-Seite-6-132x146.png 132w, http:\/\/www.eferding1900.at\/WP\/wp-content\/uploads\/2016\/08\/Zeitschrift-der-OOE-Feuerwehren-1898-Heft-19-Seite-6-45x50.png 45w, http:\/\/www.eferding1900.at\/WP\/wp-content\/uploads\/2016\/08\/Zeitschrift-der-OOE-Feuerwehren-1898-Heft-19-Seite-6-68x75.png 68w, http:\/\/www.eferding1900.at\/WP\/wp-content\/uploads\/2016\/08\/Zeitschrift-der-OOE-Feuerwehren-1898-Heft-19-Seite-6.png 606w\" sizes=\"(max-width: 622px) 100vw, 622px\" \/>&#8220;Schon vor Eintreffen der Feuerwehren verungl\u00fcckten 2 Bewohner des Betenmacherh\u00e4usl und erlitten Brandwunden, so da\u00df sie in das Spital\u00a0nach Eferding \u00fcberf\u00fchrt werden mu\u00dften; auch sp\u00e4ter noch verungl\u00fcckte ebenfalls beim Betenmacherh\u00e4usl ein Bauernknecht Namens Alois Auer und wurde derselbe in gr\u00e4\u00dflichem Zustande auf der Sanit\u00e4ts=Feldtrage von der Sanit\u00e4tsabtheilung (Anm: erst 1,5 Jahre sp\u00e4ter offiziell gegr\u00fcndet) der Eferdinger Feuerwehr in das Spital nach Eferding \u00fcbertragen. Auer und die Witwe Klinger sind bereits den schwerden Brandwunden erlegen und beide am 22. d. M. beerdigt worden.&#8221;<\/p>\n<p>Dies war wahrscheinlich jenes Ereignis das zur Gr\u00fcndung der Rettungsabteilung gef\u00fchrt hat. Ausf\u00fchrlicher wird der <a href=\"http:\/\/www.eferding1900.at\/WP\/wp-content\/uploads\/2019\/09\/Erster_Rettungseinsatz.pdf\">Einsatz hier dargestellt<\/a>.<\/p>\n<p>Ab 1906 fuhr die Rettungsabteilung unter dem Zeichen des Roten Kreuzes. 1912 gab es dann bereits vier solcher Einrichtungen im heutigen Bezirksgebiet (Aschach, Eferding, Haizing bei Hartkirchen, Prambachkirchen), im Umfeld noch Heiligenberg\/Waizenkirchen, Peuerbach, St.Thomas\/Waizenkirchen und Waizenkirchen. Immer wieder wurden auch kranke und verletzte Personen ins B\u00fcrgerspital Schiferstift gebracht.<br \/>\nDie Krankentransportkolonne in Eferding verf\u00fcgte mit Jahresende 1906 \u00fcber 20 Mitglieder und folgendes Inventar:<\/p>\n<ul>\n<li>Komplett eingerichteter Rettungswagen mit elektrischer Beleuchtung<img loading=\"lazy\" decoding=\"async\" class=\"size-full wp-image-62 alignright\" src=\"http:\/\/www.eferding1900.at\/WP\/wp-content\/uploads\/2016\/08\/Sanit\u00e4tskolonne.png\" alt=\"Sanit\u00e4tskolonne\" width=\"203\" height=\"139\" srcset=\"http:\/\/www.eferding1900.at\/WP\/wp-content\/uploads\/2016\/08\/Sanit\u00e4tskolonne.png 203w, http:\/\/www.eferding1900.at\/WP\/wp-content\/uploads\/2016\/08\/Sanit\u00e4tskolonne-50x34.png 50w, http:\/\/www.eferding1900.at\/WP\/wp-content\/uploads\/2016\/08\/Sanit\u00e4tskolonne-110x75.png 110w\" sizes=\"(max-width: 203px) 100vw, 203px\" \/><\/li>\n<li>Rettungskarren mit Matratzen und Decken<\/li>\n<li>Feldtragbare<\/li>\n<li>Feldapotheke<\/li>\n<li>Rettungsboot<\/li>\n<li>W\u00e4rmeapparat<\/li>\n<li>Rettungskasten, Verbandmaterial<\/li>\n<\/ul>\n<p style=\"text-align: justify;\">1908 wurden 23 \u00dcberf\u00fchrungen mit dem Rettungswagen und 23 \u201eInterventionen\u201c mit teilweisem Transport durchgef\u00fchrt. Ferner fand regelm\u00e4\u00dfig ein Sanit\u00e4tsunterricht statt. Es nahmen alle 21 Mannschaftsmitglieder daran teil.<\/p>\n<div id=\"attachment_69\" style=\"width: 718px\" class=\"wp-caption alignnone\"><img loading=\"lazy\" decoding=\"async\" aria-describedby=\"caption-attachment-69\" class=\"wp-image-69 size-full\" src=\"http:\/\/www.eferding1900.at\/WP\/wp-content\/uploads\/2016\/08\/Sanit\u00e4tskurs.png\" alt=\"Sanit\u00e4tskurs\" width=\"708\" height=\"461\" srcset=\"http:\/\/www.eferding1900.at\/WP\/wp-content\/uploads\/2016\/08\/Sanit\u00e4tskurs.png 708w, http:\/\/www.eferding1900.at\/WP\/wp-content\/uploads\/2016\/08\/Sanit\u00e4tskurs-300x195.png 300w, http:\/\/www.eferding1900.at\/WP\/wp-content\/uploads\/2016\/08\/Sanit\u00e4tskurs-224x146.png 224w, http:\/\/www.eferding1900.at\/WP\/wp-content\/uploads\/2016\/08\/Sanit\u00e4tskurs-50x33.png 50w, http:\/\/www.eferding1900.at\/WP\/wp-content\/uploads\/2016\/08\/Sanit\u00e4tskurs-115x75.png 115w\" sizes=\"(max-width: 708px) 100vw, 708px\" \/><p id=\"caption-attachment-69\" class=\"wp-caption-text\">Sanit\u00e4tskurs<\/p><\/div>\n<p style=\"text-align: justify;\">In diesem Jahr 1913 stieg die Anzahl der Mitarbeiter in der Rettungskolonne bereits auf 31 Personen. Es waren dies:<\/p>\n<p style=\"padding-left: 30px;\">Kommandant Schachinger Carl, Kaufmann<br \/>\nDr. Anton Tr\u00f6ster, Arzt<br \/>\nAigner Johann, Schuhmacher<br \/>\nKellermair Leopold, Schuhmacher<br \/>\nAnzengruber Josef, Schuldiener<br \/>\nKlinglmaier Franz, Wagner<br \/>\nAuer Alois, B\u00e4ckermeister<br \/>\nKraxberger Alois, Schuhmachermeister<br \/>\nAugendopler Karl, Friseur<br \/>\nKrempke Rupert, Lehrer<br \/>\nBoldog Franz, Friseur<br \/>\nLandauer Josef, Friseur<br \/>\nEdtmair Heinrich, Holzbearbeiter<br \/>\nLehner Franz, Tischlermeister<br \/>\nEibl Ignaz, Sattlermeister, stv.Kdt.<br \/>\nMair Michael, Gastwirt<br \/>\nEmmerstorfer Johann, Kaminfeger<br \/>\nMairhofer Leopold, Schuhmacher<br \/>\nFlehschurz Franz, Mesner<br \/>\nProkesch Franz, Sattler<br \/>\nForsthuber Franz, Vereinsdiener<br \/>\nSonnleitner Josef, Arbeiter<br \/>\nGirlinger Karl, Holzbearbeiter<br \/>\nSchwarzl Ignaz, Schlossermeister<br \/>\nHauer Franz, Kaufmann, Drechsler<br \/>\nWeiser Adolf, Goldarbeiter<br \/>\nHerletz Ludwig, Konditor<br \/>\nWessely Franz, Sattlermeister<br \/>\nJellinek Max, Spengler<br \/>\nZ\u00f6chling Karl, Gastwirt<br \/>\nKapsamer Ernst, Malermeister<\/p>\n<div id=\"attachment_70\" style=\"width: 966px\" class=\"wp-caption alignnone\"><img loading=\"lazy\" decoding=\"async\" aria-describedby=\"caption-attachment-70\" class=\"wp-image-70 size-full\" src=\"http:\/\/www.eferding1900.at\/WP\/wp-content\/uploads\/2016\/08\/Rettungsabteilung.png\" alt=\"Rettungsabteilung\" width=\"956\" height=\"504\" srcset=\"http:\/\/www.eferding1900.at\/WP\/wp-content\/uploads\/2016\/08\/Rettungsabteilung.png 956w, http:\/\/www.eferding1900.at\/WP\/wp-content\/uploads\/2016\/08\/Rettungsabteilung-300x158.png 300w, http:\/\/www.eferding1900.at\/WP\/wp-content\/uploads\/2016\/08\/Rettungsabteilung-768x405.png 768w, http:\/\/www.eferding1900.at\/WP\/wp-content\/uploads\/2016\/08\/Rettungsabteilung-260x137.png 260w, http:\/\/www.eferding1900.at\/WP\/wp-content\/uploads\/2016\/08\/Rettungsabteilung-50x26.png 50w, http:\/\/www.eferding1900.at\/WP\/wp-content\/uploads\/2016\/08\/Rettungsabteilung-142x75.png 142w\" sizes=\"(max-width: 956px) 100vw, 956px\" \/><p id=\"caption-attachment-70\" class=\"wp-caption-text\">Rettungsabteilung<\/p><\/div>\n","protected":false},"excerpt":{"rendered":"<p>Rettungsabteilung der Freiwilligen Feuerwehr Die Ver\u00e4nderungen in der Medizin und am Gebiet der Krankenh\u00e4user brachten auch die Notwendigkeit erkrankte und verletzte Patienten schonend dorthin zu verbringen. Am 27. Dezember 1899 wurde daf\u00fcr bei der Freiwilligen Feuerwehr Eferding eine eigene Rettungsabteilung (auch Rettungs- oder Krankentransportkolonne genannt) gegr\u00fcndet. Aber auch schon vorher hatte man eine Tragbare zur Verf\u00fcgung und transportierte Verletzte, wie zum Beispiel jene schwer Verwundeten bei einem Brand am 18.05.1898 in Hinzenbach (aus &#8220;Zeitschrift der ober\u00f6sterreichischen Feuerwehren, 1.6.1898): &#8220;Schon vor Eintreffen der Feuerwehren verungl\u00fcckten 2 Bewohner des Betenmacherh\u00e4usl und erlitten Brandwunden, so da\u00df sie in das Spital\u00a0nach Eferding \u00fcberf\u00fchrt werden mu\u00dften; auch sp\u00e4ter noch verungl\u00fcckte ebenfalls beim Betenmacherh\u00e4usl ein Bauernknecht Namens Alois Auer und wurde derselbe in gr\u00e4\u00dflichem Zustande auf der Sanit\u00e4ts=Feldtrage von der Sanit\u00e4tsabtheilung (Anm: erst 1,5 Jahre sp\u00e4ter offiziell gegr\u00fcndet) der Eferdinger Feuerwehr in das Spital nach Eferding \u00fcbertragen. Auer und die Witwe Klinger sind bereits den schwerden Brandwunden erlegen und beide am 22. d. M. beerdigt worden.&#8221; Dies war wahrscheinlich jenes Ereignis das zur Gr\u00fcndung der Rettungsabteilung gef\u00fchrt hat. Ausf\u00fchrlicher wird der Einsatz hier dargestellt. Ab 1906 fuhr die Rettungsabteilung unter dem Zeichen des Roten Kreuzes. 1912 gab es dann bereits vier solcher Einrichtungen im heutigen Bezirksgebiet [&hellip;]<\/p>\n","protected":false},"author":1,"featured_media":0,"parent":34,"menu_order":0,"comment_status":"closed","ping_status":"closed","template":"","meta":{"footnotes":""},"_links":{"self":[{"href":"http:\/\/www.eferding1900.at\/WP\/wp-json\/wp\/v2\/pages\/42"}],"collection":[{"href":"http:\/\/www.eferding1900.at\/WP\/wp-json\/wp\/v2\/pages"}],"about":[{"href":"http:\/\/www.eferding1900.at\/WP\/wp-json\/wp\/v2\/types\/page"}],"author":[{"embeddable":true,"href":"http:\/\/www.eferding1900.at\/WP\/wp-json\/wp\/v2\/users\/1"}],"replies":[{"embeddable":true,"href":"http:\/\/www.eferding1900.at\/WP\/wp-json\/wp\/v2\/comments?post=42"}],"version-history":[{"count":14,"href":"http:\/\/www.eferding1900.at\/WP\/wp-json\/wp\/v2\/pages\/42\/revisions"}],"predecessor-version":[{"id":449,"href":"http:\/\/www.eferding1900.at\/WP\/wp-json\/wp\/v2\/pages\/42\/revisions\/449"}],"up":[{"embeddable":true,"href":"http:\/\/www.eferding1900.at\/WP\/wp-json\/wp\/v2\/pages\/34"}],"wp:attachment":[{"href":"http:\/\/www.eferding1900.at\/WP\/wp-json\/wp\/v2\/media?parent=42"}],"curies":[{"name":"wp","href":"https:\/\/api.w.org\/{rel}","templated":true}]}}