{"id":34,"date":"2016-08-28T13:19:07","date_gmt":"2016-08-28T11:19:07","guid":{"rendered":"http:\/\/www.eferding1900.at\/WP\/?page_id=34"},"modified":"2016-09-04T16:04:01","modified_gmt":"2016-09-04T14:04:01","slug":"vereine","status":"publish","type":"page","link":"http:\/\/www.eferding1900.at\/WP\/vereine\/","title":{"rendered":"Gr\u00fcndung"},"content":{"rendered":"<p style=\"text-align: justify;\"><strong>Gr\u00fcndung Rotes Kreuz Eferding<\/strong><\/p>\n<p style=\"text-align: justify;\">Das Rote Kreuz gr\u00fcndet sich auf eine Idee des Schweizer Handelsreisenden Henry Dunant, welcher im Jahr 1859 Italien bereiste und in der Schlacht bei Solferino zum ersten Mal mit dem Schrecken des Krieges vertraut wurde. In dieser Zeit waren die milit\u00e4rischen Sanit\u00e4tsdienste v\u00f6llig \u00fcberfordert und es wurden mangels Ressourcen h\u00e4ufig Verletzte ohne Hilfe am Schlachtfeld zur\u00fcckgelassen. Dunant wurde Zeuge der zivilen Hilfsbereitschaft verschiedener Bev\u00f6lkerungsteile vor Ort und nahm selber daran teil. Er schrieb seine Erinnerungen in dem Buch \u201eUn souvenir de Solf\u00e9rino\u201c (Deutsch: \u201eEine Erinnerung an Solferino\u201c) nieder, was gro\u00dfes Aufsehen hervorrief und ausschlaggebend f\u00fcr die Gr\u00fcndung des \u201eKomitees der Hilfsgesellschaften f\u00fcr die Verwundetenpflege\u201c (heute \u201eInternationales Komitee vom Roten Kreuz\u201c) war.<br \/>\nAuch in \u00d6sterreich gab es diverse Hilfsvereine aus denen heraus es zur Gr\u00fcndung der nationalen Rot-Kreuz Gesellschaft kam. Am 6. und 7. Mai 1879 fand in Wien eine Enquete von Delegierten der \u00f6sterreichischen Hilfsvereine statt, welche einen \u201eBund der \u00f6sterreichischen Hilfsvereine\u201c konstituierten. In Ober\u00f6sterreich wurden im Jahre 1879 sowohl der Landes-Hilfsverein (M\u00e4nner) als auch der Frauen-Hilfsverein gegr\u00fcndet. Der Zweigverein Eferding des M\u00e4nnervereines scheint 1906 zum ersten Mal auf, der Frauenverein gr\u00fcndete sich im Jahr 1909. Bereits 1899 gr\u00fcndete sich die Rettungsabteilung der Feuerwehr, welche ab 1906 ebenfalls unter dem Zeichen des Roten Kreuzes fuhr. Es gab also drei nebeneinander existierende Rot-Kreuz Vereine in Eferding.<\/p>\n","protected":false},"excerpt":{"rendered":"<p>Gr\u00fcndung Rotes Kreuz Eferding Das Rote Kreuz gr\u00fcndet sich auf eine Idee des Schweizer Handelsreisenden Henry Dunant, welcher im Jahr 1859 Italien bereiste und in der Schlacht bei Solferino zum ersten Mal mit dem Schrecken des Krieges vertraut wurde. In dieser Zeit waren die milit\u00e4rischen Sanit\u00e4tsdienste v\u00f6llig \u00fcberfordert und es wurden mangels Ressourcen h\u00e4ufig Verletzte ohne Hilfe am Schlachtfeld zur\u00fcckgelassen. Dunant wurde Zeuge der zivilen Hilfsbereitschaft verschiedener Bev\u00f6lkerungsteile vor Ort und nahm selber daran teil. Er schrieb seine Erinnerungen in dem Buch \u201eUn souvenir de Solf\u00e9rino\u201c (Deutsch: \u201eEine Erinnerung an Solferino\u201c) nieder, was gro\u00dfes Aufsehen hervorrief und ausschlaggebend f\u00fcr die Gr\u00fcndung des \u201eKomitees der Hilfsgesellschaften f\u00fcr die Verwundetenpflege\u201c (heute \u201eInternationales Komitee vom Roten Kreuz\u201c) war. Auch in \u00d6sterreich gab es diverse Hilfsvereine aus denen heraus es zur Gr\u00fcndung der nationalen Rot-Kreuz Gesellschaft kam. Am 6. und 7. Mai 1879 fand in Wien eine Enquete von Delegierten der \u00f6sterreichischen Hilfsvereine statt, welche einen \u201eBund der \u00f6sterreichischen Hilfsvereine\u201c konstituierten. In Ober\u00f6sterreich wurden im Jahre 1879 sowohl der Landes-Hilfsverein (M\u00e4nner) als auch der Frauen-Hilfsverein gegr\u00fcndet. Der Zweigverein Eferding des M\u00e4nnervereines scheint 1906 zum ersten Mal auf, der Frauenverein gr\u00fcndete sich im Jahr 1909. Bereits 1899 gr\u00fcndete sich die Rettungsabteilung der Feuerwehr, welche ab [&hellip;]<\/p>\n","protected":false},"author":1,"featured_media":0,"parent":0,"menu_order":0,"comment_status":"closed","ping_status":"closed","template":"","meta":{"footnotes":""},"_links":{"self":[{"href":"http:\/\/www.eferding1900.at\/WP\/wp-json\/wp\/v2\/pages\/34"}],"collection":[{"href":"http:\/\/www.eferding1900.at\/WP\/wp-json\/wp\/v2\/pages"}],"about":[{"href":"http:\/\/www.eferding1900.at\/WP\/wp-json\/wp\/v2\/types\/page"}],"author":[{"embeddable":true,"href":"http:\/\/www.eferding1900.at\/WP\/wp-json\/wp\/v2\/users\/1"}],"replies":[{"embeddable":true,"href":"http:\/\/www.eferding1900.at\/WP\/wp-json\/wp\/v2\/comments?post=34"}],"version-history":[{"count":8,"href":"http:\/\/www.eferding1900.at\/WP\/wp-json\/wp\/v2\/pages\/34\/revisions"}],"predecessor-version":[{"id":199,"href":"http:\/\/www.eferding1900.at\/WP\/wp-json\/wp\/v2\/pages\/34\/revisions\/199"}],"wp:attachment":[{"href":"http:\/\/www.eferding1900.at\/WP\/wp-json\/wp\/v2\/media?parent=34"}],"curies":[{"name":"wp","href":"https:\/\/api.w.org\/{rel}","templated":true}]}}