{"id":23,"date":"2016-08-28T11:33:46","date_gmt":"2016-08-28T09:33:46","guid":{"rendered":"http:\/\/www.eferding1900.at\/WP\/?page_id=23"},"modified":"2019-09-16T22:22:48","modified_gmt":"2019-09-16T20:22:48","slug":"projektinfo","status":"publish","type":"page","link":"http:\/\/www.eferding1900.at\/WP\/projektinfo\/","title":{"rendered":"Projekt"},"content":{"rendered":"<p><strong>Herzlich Willkommen auf meiner privaten Projektwebseite!<\/strong><\/p>\n<p style=\"text-align: justify;\">Hier m\u00f6chte ich Ihnen in erster Linie einen \u00dcberblick \u00fcber mein Forschungsgebiet geben und Sie auf eine Entdeckungsreise ins vorige Jahrhundert einladen.<\/p>\n<p style=\"text-align: justify;\">Das Rote Kreuz unterhielt im Ersten Weltkrieg zahlreiche Pflegest\u00e4tten f\u00fcr erkrankte und verwundete Soldaten.\u00a0 Alleine in Ober\u00f6sterreich gab es hunderte dieser vorwiegend von Laien organisierten Versorgungseinrichtungen von denen heute nur mehr wenig bekannt ist. Seit 2015 arbeite ich als Hobbyforscher an der Aufarbeitung und Darstellung der Aktivit\u00e4ten im Stadtgebiet von Eferding. Im Vordergrund stehen neben lokaler Besonderheiten die an der Hilfe beteiligten Personen.<\/p>\n<p style=\"text-align: justify;\">Gerade personengeschichtliche Inhalte (Lebensdaten beteiligter Personen, Bilder, Lebenserinnerungen, private Aufzeichnungen und \u00dcberlieferungen, Dokumente) sind mit einem hohen Forschungsaufwand verbunden. Hierbei bin ich oftmals an Ausk\u00fcnfte von Nachfahren angewiesen, deren Ausforschung h\u00e4ufig mit Schwierigkeiten verbunden ist. Viele Eferdinger haben Gro\u00dfeltern oder Urgro\u00dfeltern die an diesen Hilfsaktionen beteiligt waren.<\/p>\n<p style=\"text-align: justify;\">Ich w\u00fcrde mich sehr \u00fcber Ihre Mithilfe freuen, egal ob Sie mir n\u00e4here Daten zu Personen, Bilder oder anderes beisteuern k\u00f6nnen. Im Abschnitt <a href=\"http:\/\/www.eferding1900.at\/WP\/category\/hilfe\/\">Hilfe<\/a> finden Sie Fragestellungen zu konkreten Personen. Selbstverst\u00e4ndlich bin ich aber auch \u00fcber alle anderen Ausk\u00fcnfte zu anderen angef\u00fchrten Personen sehr dankbar.<\/p>\n<p style=\"text-align: justify;\">Auswertung und Dokumentation erfolgen nach wissenschaftlichen Kriterien sodass darauf aufbauend jederzeit weitergearbeitet werden kann. Abschlie\u00dfendes Ziel ist es die zusammengetragenen Informationen in einem Buch darzustellen und die damaligen Hilfsaktivit\u00e4ten so anschaulich und wirklichkeitsgetreu wie m\u00f6glich widerzugeben. Auf dieser Webseite wurde aus Gr\u00fcnden der besseren Lesbarkeit absichtlich auf Zitate und Verweise verzichtet \u2013 sollten Sie sich f\u00fcr die Quellen einzelner Daten oder Aussagen interessieren stelle ich diese gerne zur Verf\u00fcgung.<\/p>\n<p style=\"text-align: justify;\">Herzlichen Dank an alle Privatpersonen, Organisationen, Verwaltungsstellen und Archive die mir bei meiner bisherigen Recherche weitergeholfen haben. Auf die Nennung einzelner Personen wird bewusst verzichtet.<\/p>\n<ul>\n<li style=\"text-align: justify;\">Rotes Kreuz Eferding<\/li>\n<li style=\"text-align: justify;\">Rotes Kreuz Landesverband Ober\u00f6sterreich<\/li>\n<li style=\"text-align: justify;\">O\u00d6 Landesarchiv<\/li>\n<li style=\"text-align: justify;\">Staatsarchiv \u00d6sterreich<\/li>\n<li style=\"text-align: justify;\">Lern- und Gedenkort Schloss Hartheim<\/li>\n<li style=\"text-align: justify;\">Archiv Diakoniewerk Gallneukirchen<\/li>\n<li>Archiv der Evangelischen Pfarrgemeinde Eferding<\/li>\n<li style=\"text-align: justify;\">Di\u00f6zesanarchiv Ober\u00f6sterreich<\/li>\n<li>Matrikula Online<\/li>\n<li style=\"text-align: justify;\">Archiv der Technischen Universit\u00e4t Wien<\/li>\n<li style=\"text-align: justify;\">Archiv der Veterin\u00e4rmedizinischen Universit\u00e4t Wien<\/li>\n<li style=\"text-align: justify;\">Klosterbibliothek\u00a0 Kremsm\u00fcnster<\/li>\n<li style=\"text-align: justify;\">Stadtarchiv Eferding<\/li>\n<li style=\"text-align: justify;\">Gemeindearchiv Hartkirchen<\/li>\n<li style=\"text-align: justify;\">Gemeindearchiv Prambachkirchen<\/li>\n<li style=\"text-align: justify;\">Gemeindearchiv Haibach\/D<\/li>\n<li style=\"text-align: justify;\">Gemeindearchiv Scharten<\/li>\n<li style=\"text-align: justify;\">Gerichtsarchiv Eferding<\/li>\n<li style=\"text-align: justify;\">Gymnasium Seitenstetten<\/li>\n<li style=\"text-align: justify;\">Technisches Museum Wien<\/li>\n<li style=\"text-align: justify;\">O\u00d6 Landesbibliothek<\/li>\n<li style=\"text-align: justify;\">\u00d6sterreichische Nationalbibliothek<\/li>\n<li style=\"text-align: justify;\">Theaterarchiv Wien<\/li>\n<li style=\"text-align: justify;\">div. Privatarchive<\/li>\n<\/ul>\n","protected":false},"excerpt":{"rendered":"<p>Herzlich Willkommen auf meiner privaten Projektwebseite! Hier m\u00f6chte ich Ihnen in erster Linie einen \u00dcberblick \u00fcber mein Forschungsgebiet geben und Sie auf eine Entdeckungsreise ins vorige Jahrhundert einladen. Das Rote Kreuz unterhielt im Ersten Weltkrieg zahlreiche Pflegest\u00e4tten f\u00fcr erkrankte und verwundete Soldaten.\u00a0 Alleine in Ober\u00f6sterreich gab es hunderte dieser vorwiegend von Laien organisierten Versorgungseinrichtungen von denen heute nur mehr wenig bekannt ist. Seit 2015 arbeite ich als Hobbyforscher an der Aufarbeitung und Darstellung der Aktivit\u00e4ten im Stadtgebiet von Eferding. Im Vordergrund stehen neben lokaler Besonderheiten die an der Hilfe beteiligten Personen. Gerade personengeschichtliche Inhalte (Lebensdaten beteiligter Personen, Bilder, Lebenserinnerungen, private Aufzeichnungen und \u00dcberlieferungen, Dokumente) sind mit einem hohen Forschungsaufwand verbunden. Hierbei bin ich oftmals an Ausk\u00fcnfte von Nachfahren angewiesen, deren Ausforschung h\u00e4ufig mit Schwierigkeiten verbunden ist. Viele Eferdinger haben Gro\u00dfeltern oder Urgro\u00dfeltern die an diesen Hilfsaktionen beteiligt waren. Ich w\u00fcrde mich sehr \u00fcber Ihre Mithilfe freuen, egal ob Sie mir n\u00e4here Daten zu Personen, Bilder oder anderes beisteuern k\u00f6nnen. Im Abschnitt Hilfe finden Sie Fragestellungen zu konkreten Personen. Selbstverst\u00e4ndlich bin ich aber auch \u00fcber alle anderen Ausk\u00fcnfte zu anderen angef\u00fchrten Personen sehr dankbar. Auswertung und Dokumentation erfolgen nach wissenschaftlichen Kriterien sodass darauf aufbauend jederzeit weitergearbeitet werden kann. Abschlie\u00dfendes Ziel ist [&hellip;]<\/p>\n","protected":false},"author":1,"featured_media":0,"parent":0,"menu_order":0,"comment_status":"closed","ping_status":"closed","template":"","meta":{"footnotes":""},"_links":{"self":[{"href":"http:\/\/www.eferding1900.at\/WP\/wp-json\/wp\/v2\/pages\/23"}],"collection":[{"href":"http:\/\/www.eferding1900.at\/WP\/wp-json\/wp\/v2\/pages"}],"about":[{"href":"http:\/\/www.eferding1900.at\/WP\/wp-json\/wp\/v2\/types\/page"}],"author":[{"embeddable":true,"href":"http:\/\/www.eferding1900.at\/WP\/wp-json\/wp\/v2\/users\/1"}],"replies":[{"embeddable":true,"href":"http:\/\/www.eferding1900.at\/WP\/wp-json\/wp\/v2\/comments?post=23"}],"version-history":[{"count":14,"href":"http:\/\/www.eferding1900.at\/WP\/wp-json\/wp\/v2\/pages\/23\/revisions"}],"predecessor-version":[{"id":445,"href":"http:\/\/www.eferding1900.at\/WP\/wp-json\/wp\/v2\/pages\/23\/revisions\/445"}],"wp:attachment":[{"href":"http:\/\/www.eferding1900.at\/WP\/wp-json\/wp\/v2\/media?parent=23"}],"curies":[{"name":"wp","href":"https:\/\/api.w.org\/{rel}","templated":true}]}}