{"id":142,"date":"2016-08-29T16:42:27","date_gmt":"2016-08-29T14:42:27","guid":{"rendered":"http:\/\/www.eferding1900.at\/WP\/?page_id=142"},"modified":"2024-05-01T13:50:39","modified_gmt":"2024-05-01T11:50:39","slug":"autor","status":"publish","type":"page","link":"http:\/\/www.eferding1900.at\/WP\/autor\/","title":{"rendered":"Autor"},"content":{"rendered":"<div class=\"column one-sixth\"><\/p>\n<p><img loading=\"lazy\" decoding=\"async\" class=\"alignnone size-full wp-image-143\" src=\"http:\/\/www.eferding1900.at\/WP\/wp-content\/uploads\/2016\/08\/TM.jpg\" alt=\"\" width=\"191\" height=\"242\" srcset=\"http:\/\/www.eferding1900.at\/WP\/wp-content\/uploads\/2016\/08\/TM.jpg 191w, http:\/\/www.eferding1900.at\/WP\/wp-content\/uploads\/2016\/08\/TM-115x146.jpg 115w, http:\/\/www.eferding1900.at\/WP\/wp-content\/uploads\/2016\/08\/TM-39x50.jpg 39w, http:\/\/www.eferding1900.at\/WP\/wp-content\/uploads\/2016\/08\/TM-59x75.jpg 59w\" sizes=\"(max-width: 191px) 100vw, 191px\" \/><\/p>\n<p><\/div>\n\n<p><strong>Thomas Memersheimer<\/strong><br \/>\n<img loading=\"lazy\" decoding=\"async\" class=\"alignnone wp-image-150\" src=\"http:\/\/www.eferding1900.at\/WP\/wp-content\/uploads\/2016\/08\/Erreichbarkeit.png\" alt=\"Erreichbarkeit\" width=\"193\" height=\"26\" srcset=\"http:\/\/www.eferding1900.at\/WP\/wp-content\/uploads\/2016\/08\/Erreichbarkeit.png 289w, http:\/\/www.eferding1900.at\/WP\/wp-content\/uploads\/2016\/08\/Erreichbarkeit-260x35.png 260w, http:\/\/www.eferding1900.at\/WP\/wp-content\/uploads\/2016\/08\/Erreichbarkeit-50x7.png 50w, http:\/\/www.eferding1900.at\/WP\/wp-content\/uploads\/2016\/08\/Erreichbarkeit-150x20.png 150w\" sizes=\"(max-width: 193px) 100vw, 193px\" \/><\/p>\n<p>Hofm\u00fchlgasse 16\/6, 1060 Wien<br \/>\nHinzenbach 47, 4070 Eferding<\/p>\n<p>Beruflich bin ich f\u00fcr <a href=\"http:\/\/www.festo.at\">Festo<\/a> im Regionalmanagement Osteuropa t\u00e4tig (siehe <a href=\"https:\/\/www.xing.com\/profile\/Thomas_Memersheimer\">Xing<\/a>).<br \/>\nIn meiner Freizeit bin ich oft beim <a href=\"http:\/\/www.roteskreuz.at\/ooe\/dienststellen\/eferding\/die-bezirksstelle\/die-ortsstellen\/eferding\/startseite\/\">Roten Kreuz Eferding<\/a> anzutreffen.<\/p>\n<div class=\"column one\"><\/p>\n<p style=\"text-align: justify;\">Diese Seite soll einen kurzen \u00dcberblick \u00fcber meine privaten Arbeiten zu den Milit\u00e4rpflegest\u00e4tten vom Roten Kreuz Eferding im Ersten Weltkrieg bieten.<\/p>\n<p style=\"text-align: justify;\">Urspr\u00fcnglich habe ich mich mit Familiengeschichte besch\u00e4ftigt, zum aktuellen Forschungsgegenstand kam ich erst im Zuge eines Heimatforscherlehrganges bem <a href=\"http:\/\/www.ooevbw.at\/\">Volksbildungswerk O\u00d6<\/a>. Es galt damals ein interessantes Thema f\u00fcr meine Abschlussarbeit zu finden. Der Lehrgang ist schon lange vorbei, aufgeh\u00f6rt habe ich trotzdem nicht. Viele hundert Seiten an Notizen, Kopien und Nachrichten haben sich mittlerweile angesammelt und warten darauf irgendwann einmal zu einem gut lesbaren Buch verarbeitet zu werden.<\/p>\n<p style=\"text-align: justify;\"><strong>Sollten Sie n\u00e4here Angaben zu erw\u00e4hnten Personen haben oder Bilder \u00fcber Helfer, Soldaten bzw. Pflegest\u00e4tten haben w\u00e4re ich f\u00fcr eine Kontaktaufnahme sehr dankbar.<\/strong><\/p>\n<p><\/div>\n\n","protected":false},"excerpt":{"rendered":"<p>Thomas Memersheimer Hofm\u00fchlgasse 16\/6, 1060 Wien Hinzenbach 47, 4070 Eferding Beruflich bin ich f\u00fcr Festo im Regionalmanagement Osteuropa t\u00e4tig (siehe Xing). In meiner Freizeit bin ich oft beim Roten Kreuz Eferding anzutreffen.<\/p>\n","protected":false},"author":1,"featured_media":0,"parent":0,"menu_order":0,"comment_status":"closed","ping_status":"closed","template":"","meta":{"footnotes":""},"_links":{"self":[{"href":"http:\/\/www.eferding1900.at\/WP\/wp-json\/wp\/v2\/pages\/142"}],"collection":[{"href":"http:\/\/www.eferding1900.at\/WP\/wp-json\/wp\/v2\/pages"}],"about":[{"href":"http:\/\/www.eferding1900.at\/WP\/wp-json\/wp\/v2\/types\/page"}],"author":[{"embeddable":true,"href":"http:\/\/www.eferding1900.at\/WP\/wp-json\/wp\/v2\/users\/1"}],"replies":[{"embeddable":true,"href":"http:\/\/www.eferding1900.at\/WP\/wp-json\/wp\/v2\/comments?post=142"}],"version-history":[{"count":19,"href":"http:\/\/www.eferding1900.at\/WP\/wp-json\/wp\/v2\/pages\/142\/revisions"}],"predecessor-version":[{"id":455,"href":"http:\/\/www.eferding1900.at\/WP\/wp-json\/wp\/v2\/pages\/142\/revisions\/455"}],"wp:attachment":[{"href":"http:\/\/www.eferding1900.at\/WP\/wp-json\/wp\/v2\/media?parent=142"}],"curies":[{"name":"wp","href":"https:\/\/api.w.org\/{rel}","templated":true}]}}