{"id":114,"date":"2016-08-29T15:44:01","date_gmt":"2016-08-29T13:44:01","guid":{"rendered":"http:\/\/www.eferding1900.at\/WP\/?page_id=114"},"modified":"2018-11-25T15:18:45","modified_gmt":"2018-11-25T14:18:45","slug":"personen","status":"publish","type":"page","link":"http:\/\/www.eferding1900.at\/WP\/personen\/","title":{"rendered":"Personen"},"content":{"rendered":"<p>Hier sind einzelne erforschte Personen beispielhaft vorgestellt.<\/p>\n<div class=\"column one-second\"><\/p>\n<p style=\"text-align: justify;\"><img loading=\"lazy\" decoding=\"async\" class=\"size-medium wp-image-112 alignleft\" src=\"http:\/\/www.eferding1900.at\/WP\/wp-content\/uploads\/2016\/08\/Messerklinger-Rudolf-225x300.jpg\" alt=\"Messerklinger, Rudolf\" width=\"225\" height=\"300\" srcset=\"http:\/\/www.eferding1900.at\/WP\/wp-content\/uploads\/2016\/08\/Messerklinger-Rudolf-225x300.jpg 225w, http:\/\/www.eferding1900.at\/WP\/wp-content\/uploads\/2016\/08\/Messerklinger-Rudolf-109x146.jpg 109w, http:\/\/www.eferding1900.at\/WP\/wp-content\/uploads\/2016\/08\/Messerklinger-Rudolf-37x50.jpg 37w, http:\/\/www.eferding1900.at\/WP\/wp-content\/uploads\/2016\/08\/Messerklinger-Rudolf-56x75.jpg 56w, http:\/\/www.eferding1900.at\/WP\/wp-content\/uploads\/2016\/08\/Messerklinger-Rudolf.jpg 242w\" sizes=\"(max-width: 225px) 100vw, 225px\" \/><strong>Rudolf Johann Messerklinger<\/strong><\/p>\n<p style=\"text-align: justify;\">Er ist am 2. Juli 1877 in Wien geboren. Sein Vater war Dr. Johann Mehserklinger, Bauratsvorstand der Kronprinz Rudolf Bahn und sp\u00e4ter Eisenbahnjurist bzw. Staatsbahndirektor in Linz, seine Mutter Rosalia Elenora Debar, vormalige Franz\u00f6sischlehrerin. Er verstarb am 22.4.1926 an Herzversagen in Eferding. Rudolf Messerklinger war als Ingenieur im Bau von Bahnanlagen t\u00e4tig, unter anderem 1901 \u00fcber die Union E.G. bei der Errichtung der Stra\u00dfenbahn in Stockholm. Sp\u00e4ter war er als Betriebsdirektor bei Stern und Hafferl in Eferding stationiert. Herr Messerklinger war Mitglied im Landes-Hilfsverein und sorgte immer wieder f\u00fcr Unterst\u00fctzung durch die Lokalbahn. Er spielte im Mai 1916 bei einer <a href=\"http:\/\/www.eferding1900.at\/WP\/theater-1916\/\">Benefizveranstaltung f\u00fcr die Pflegest\u00e4tten<\/a> Theater.<\/p>\n<p><img loading=\"lazy\" decoding=\"async\" class=\"size-medium wp-image-128 alignleft\" src=\"http:\/\/www.eferding1900.at\/WP\/wp-content\/uploads\/2016\/08\/Brik-Johann-Emanuel-225x300.jpg\" alt=\"Brik Johann Emanuel\" width=\"225\" height=\"300\" srcset=\"http:\/\/www.eferding1900.at\/WP\/wp-content\/uploads\/2016\/08\/Brik-Johann-Emanuel-225x300.jpg 225w, http:\/\/www.eferding1900.at\/WP\/wp-content\/uploads\/2016\/08\/Brik-Johann-Emanuel-110x146.jpg 110w, http:\/\/www.eferding1900.at\/WP\/wp-content\/uploads\/2016\/08\/Brik-Johann-Emanuel-38x50.jpg 38w, http:\/\/www.eferding1900.at\/WP\/wp-content\/uploads\/2016\/08\/Brik-Johann-Emanuel-56x75.jpg 56w, http:\/\/www.eferding1900.at\/WP\/wp-content\/uploads\/2016\/08\/Brik-Johann-Emanuel.jpg 234w\" sizes=\"(max-width: 225px) 100vw, 225px\" \/><strong>Brik, Ing. Johann Emanuel, k.k. Hofrat, Prof.<br \/>\n<\/strong><\/p>\n<p style=\"text-align: justify;\">Der am 07.05.1842 in Hermannst\u00e4dtel (tschechisch Hermanuv Mestec), B\u00f6hmen, geborene Johann Emanuel Brik war wohl das ber\u00fchmteste Mitglied des Eferdinger Zweigvereines vom Landes-Hilfsverein. Er studierte am Wiener Polytechnischen Institut, war als Assistent an der Lehrkanzel f\u00fcr Wasser- und Stra\u00dfenbau und erwarb Berufspraxis als Eisenbahningenieur. 1873 wurde er als o.\u00f6. Professor f\u00fcr Br\u00fcckenbau und Baumechanik an der TH Br\u00fcnn, 1893 folgte er seiner Berufung an die Technische Hochschule Wien, wo er 1905\/04 Dekan und 1897\/98 Rektor der Bauingenieurschule war. 1899 erfolgte seine Ernennung zum Hofrat, 1913 trat er in den Ruhestand und zog nach Eferding, wo er am 07.01.1925 verstarb.<\/p>\n<p style=\"text-align: justify;\">Zu seinen beruflichen H\u00f6hepunkten z\u00e4hlten die Planungen zahlreicher Eisenbahnbr\u00fccken, unter anderem 1868-70 die Br\u00fccken f\u00fcr die Pustertalbahn, die Strecke St.Peter \u2013 Fiume (S\u00fcdbahn) und\u00a0 1870-73 zahlreiche Konstruktionen an der Nordbahn (Jungbunzlau-Kolin, Thayaviadukt bei Znaim, Br\u00fccken der Elbetalbahn). Unter anderem entwarf er die Eisenkonstruktion f\u00fcr die Bahnhofshalle in Budapest und f\u00fchrte auch den Berechnungsnachweis f\u00fcr das Wiener Riesenrad.<\/p>\n<p style=\"text-align: justify;\">Er genoss auf Grund seines Standes sehr hohes Ansehen in Eferding, war Mitglied des Landes-Hilfsvereines und \u00fcbte verschiedene T\u00e4tigkeiten f\u00fcr das Rote Kreuz aus. Johann E. Brik wurde f\u00fcr seine Verdienste die \u201eSilberne Ehrenmedaille vom Roten Kreuz mit Kriegsdekoration\u201c, von \u201eseiner k.k. Hoheit Erzherzog Franz Salvator im Namen Sr. Majest\u00e4t\u201c verliehen.<\/p>\n<p style=\"text-align: justify;\"><img loading=\"lazy\" decoding=\"async\" class=\"size-medium wp-image-131 alignleft\" src=\"http:\/\/www.eferding1900.at\/WP\/wp-content\/uploads\/2016\/08\/Starhemberg-Franziska-225x300.jpg\" alt=\"Starhemberg Franziska\" width=\"225\" height=\"300\" srcset=\"http:\/\/www.eferding1900.at\/WP\/wp-content\/uploads\/2016\/08\/Starhemberg-Franziska-225x300.jpg 225w, http:\/\/www.eferding1900.at\/WP\/wp-content\/uploads\/2016\/08\/Starhemberg-Franziska-110x146.jpg 110w, http:\/\/www.eferding1900.at\/WP\/wp-content\/uploads\/2016\/08\/Starhemberg-Franziska-38x50.jpg 38w, http:\/\/www.eferding1900.at\/WP\/wp-content\/uploads\/2016\/08\/Starhemberg-Franziska-56x75.jpg 56w, http:\/\/www.eferding1900.at\/WP\/wp-content\/uploads\/2016\/08\/Starhemberg-Franziska.jpg 292w\" sizes=\"(max-width: 225px) 100vw, 225px\" \/><\/p>\n<p><strong>Starhemberg, Franziska, F\u00fcrstin<\/strong><\/p>\n<p style=\"text-align: justify;\">Fransziska (genannt Fanny) F\u00fcrstin Starhemberg wurde am 24.10.1875 als Tochter von Maria und Eugen Graf Larisch-M\u00f6nnich geboren. Sie ehelichte 1898 den Reichsgrafen Ernst R\u00fcdiger, welcher 1900 zum 6. F\u00fcrsten von Starhemberg wurde.<\/p>\n<p style=\"text-align: justify;\">Sie wird allgemein als \u00e4u\u00dferst sozial aber auch konservativ beschrieben. Vor allem auch durch ihren Adelsstand und dem hohen politischen Engagement konnte sie sehr viel in der Freiwilligenarbeit beim Roten Kreuz erreichen. Es gab auch immer wieder gr\u00f6\u00dfere Spenden aus dem Kreis ihrer Familie.<\/p>\n<p style=\"text-align: justify;\">Fanny Starhemberg war Pr\u00e4sidentin des Frauenhilfsvereines in Eferding, unterhielt einige Monate eine eigene Pflegest\u00e4tte im Schlo\u00df Starhemberg und im Schloss Auhof bei Linz. Ab 1916 war sie Pr\u00e4sidentin des Frauenhilfsvereines O\u00d6, nach dem Krieg Ausschu\u00dfmitglied der \u00f6sterr. Gesellschaft vom Roten Kreuz, 1921 Delegierte beim Weltkongress und 1923-1934 Vizepr\u00e4sidentin des Landeshilfsvereines vom RK O\u00d6.<\/p>\n<p><img loading=\"lazy\" decoding=\"async\" class=\"size-full wp-image-137 alignleft\" src=\"http:\/\/www.eferding1900.at\/WP\/wp-content\/uploads\/2016\/08\/Malik-Michael.jpg\" alt=\"Malik Michael\" width=\"182\" height=\"242\" srcset=\"http:\/\/www.eferding1900.at\/WP\/wp-content\/uploads\/2016\/08\/Malik-Michael.jpg 182w, http:\/\/www.eferding1900.at\/WP\/wp-content\/uploads\/2016\/08\/Malik-Michael-110x146.jpg 110w, http:\/\/www.eferding1900.at\/WP\/wp-content\/uploads\/2016\/08\/Malik-Michael-38x50.jpg 38w, http:\/\/www.eferding1900.at\/WP\/wp-content\/uploads\/2016\/08\/Malik-Michael-56x75.jpg 56w\" sizes=\"(max-width: 182px) 100vw, 182px\" \/><strong>Malik, Michael<\/strong><\/p>\n<p style=\"text-align: justify;\">Michael Malik wurde 1892 in Kolomea (Kolomyja, heutige Ukraine) geboren und 1914 zur ersten Kompagnie des Infanterie Regiments Nr. 24 einberufen. Am 6.10.1914 erlitt er in den Karpaten (Vermutlich in der Entsatzschlacht um Przemysl) einen Oberschenkeldurchschuss sowie eine Schrapnell Verletzung am Ringfinger. Am 17.Dezember traf er im Reservespital Wels ein und wurde tags darauf mit 14 anderen Verwundeten vom Reservespital Wels per Bahn nach Eferding \u00fcberstellt. Die Sanit\u00e4tsabteilung brachte ihn zun\u00e4chst in die Pflegest\u00e4tte Turnsaal. Nach 9,5 Wochen Aufenthalt erfolgte sein Marschbefehl zur\u00fcck, wenige Tage sp\u00e4ter wurde er f\u00fcr 6 Wochen in die Pflegest\u00e4tte nach Aschach\/D \u00fcberstellt und r\u00fcckte am 12. Juni wieder ein.<\/p>\n<p style=\"text-align: justify;\">Michael Malik ist der einzige Soldat der auf Bildern beschriftet ist. Die Pflegerin Dora Brik reiste ihm nach dem Ende der Pflegest\u00e4tten nach.<\/p>\n<p>&nbsp;<\/p>\n<p>&nbsp;<\/p>\n<p><\/div>\n\n<div class=\"column one-second\"><\/p>\n<p style=\"text-align: justify;\"><img loading=\"lazy\" decoding=\"async\" class=\"size-medium wp-image-108 alignleft\" src=\"http:\/\/www.eferding1900.at\/WP\/wp-content\/uploads\/2016\/08\/Schachinger-225x300.jpg\" alt=\"Schachinger\" width=\"225\" height=\"300\" srcset=\"http:\/\/www.eferding1900.at\/WP\/wp-content\/uploads\/2016\/08\/Schachinger-225x300.jpg 225w, http:\/\/www.eferding1900.at\/WP\/wp-content\/uploads\/2016\/08\/Schachinger-110x146.jpg 110w, http:\/\/www.eferding1900.at\/WP\/wp-content\/uploads\/2016\/08\/Schachinger-38x50.jpg 38w, http:\/\/www.eferding1900.at\/WP\/wp-content\/uploads\/2016\/08\/Schachinger-56x75.jpg 56w, http:\/\/www.eferding1900.at\/WP\/wp-content\/uploads\/2016\/08\/Schachinger.jpg 347w\" sizes=\"(max-width: 225px) 100vw, 225px\" \/><strong>Carl Schachinger<\/strong><\/p>\n<p style=\"text-align: justify;\">Der am 28.04.1860 in Schwanenstadt gebore Sohn eines Eferdinger Kaufmannes war einer der bekanntesten B\u00fcrger seiner Stadt. Nach dem Besuch der Realschule in Linz und einer weiteren Ausbildung in Passau wurde er Kaufmann in Mauerkirchen und sp\u00e4ter im v\u00e4terlichen Gesch\u00e4ft in Eferding. Er war neben seiner T\u00e4tigkeit als Kaufmann vor allem Politiker in verschiedenen \u00c4mtern wie B\u00fcrgermeister von Eferding (1903-1909), Landtagsabgeordneter (1896-1918), Landesausschussmitglied, Mitglied des Eisenbahnrates und Handelskammerrat, Mitglied der Provisorischen Landesversammlung (1918\/1919), Reichsratsabgeordneter f\u00fcr die Christlich-soziale Partei (1907-1918) und Mitglied der Provisorischen Nationalversammlung (1918\/1919). Er war in zahlreichen Vereinen wie der Freiwilligen Feuerwehr Eferding (ab 1880, seit 1896 Hauptmann), engagiert. Unter seinem Kommando wurde 1899 die Rettungsabteilung gegr\u00fcndet, er war auch Pr\u00e4sident des Landes-Hilfsvereines vom Roten Kreuz Eferding. Carl Schachinger stellte sich im M\u00e4rz 1909 (Unsicherheit durch Bosnische Annexionskrise) f\u00fcr eine etwaige T\u00e4tigkeit dem Komitee des Landeshilfsvereines zur Verf\u00fcgung. Seine Frau Anna war f\u00fchrend bei der Gr\u00fcndung des Frauen-Hilfsvereines und auch dessen Vizepr\u00e4sidentin. Heute erinnert in Eferding die Carl-Schachinger-Strasse an sein Wirken.<\/p>\n<p style=\"text-align: justify;\"><img loading=\"lazy\" decoding=\"async\" class=\"size-full wp-image-130 alignleft\" src=\"http:\/\/www.eferding1900.at\/WP\/wp-content\/uploads\/2016\/08\/Johann-Emmerstorfer.jpg\" alt=\"Johann Emmerstorfer\" width=\"182\" height=\"243\" srcset=\"http:\/\/www.eferding1900.at\/WP\/wp-content\/uploads\/2016\/08\/Johann-Emmerstorfer.jpg 182w, http:\/\/www.eferding1900.at\/WP\/wp-content\/uploads\/2016\/08\/Johann-Emmerstorfer-109x146.jpg 109w, http:\/\/www.eferding1900.at\/WP\/wp-content\/uploads\/2016\/08\/Johann-Emmerstorfer-37x50.jpg 37w, http:\/\/www.eferding1900.at\/WP\/wp-content\/uploads\/2016\/08\/Johann-Emmerstorfer-56x75.jpg 56w\" sizes=\"(max-width: 182px) 100vw, 182px\" \/><strong>Emmerstorfer, Johann <\/strong><\/p>\n<p style=\"text-align: justify;\">Johann Emmerstorfer wurde am 15.05.1890 in Eferding geboren und war wie sein Vater Rauchfangkehrermeister. Er war Mitglied der Rettungsabteilung der Freiwilligen Feuerwehr.<\/p>\n<p style=\"text-align: justify;\">Er diente in der 1. Kompagnie des Infanterie Regiments Nr. 14 und erlitt in den ersten Kriegsmonaten eine schwere Schussverletzung (Lungendurchschuss). Mehrere Operationen im Krankenhaus der Barmherzigen Br\u00fcder waren n\u00f6tig. Zwischendurch war er zu Hause und nach Abschluss seiner Behandlungen erhielt er ein Jahr Heimaturlaub. In dieser Zeit arbeitete er in Eferding als Referent f\u00fcr Fl\u00fcchtlingsangelegenheiten und spielte f\u00fcr das Rote Kreuz im Rahmen einer <a href=\"http:\/\/www.eferding1900.at\/WP\/theater-1916\/\">Benefizveranstaltung<\/a> Theater.<\/p>\n<p style=\"text-align: justify;\">Im September 1917 wurde er wieder einberufen, erlitt aber schon im Oktober eine erneute Verwundung. Johann Emmersdorfer verstarb am 02.02.1941 in Eferding.<\/p>\n<p><strong><img loading=\"lazy\" decoding=\"async\" class=\"size-medium wp-image-133 alignleft\" src=\"http:\/\/www.eferding1900.at\/WP\/wp-content\/uploads\/2016\/08\/Troester-Anton-225x300.jpg\" alt=\"Troester Anton\" width=\"225\" height=\"300\" srcset=\"http:\/\/www.eferding1900.at\/WP\/wp-content\/uploads\/2016\/08\/Troester-Anton-225x300.jpg 225w, http:\/\/www.eferding1900.at\/WP\/wp-content\/uploads\/2016\/08\/Troester-Anton-110x146.jpg 110w, http:\/\/www.eferding1900.at\/WP\/wp-content\/uploads\/2016\/08\/Troester-Anton-38x50.jpg 38w, http:\/\/www.eferding1900.at\/WP\/wp-content\/uploads\/2016\/08\/Troester-Anton-56x75.jpg 56w, http:\/\/www.eferding1900.at\/WP\/wp-content\/uploads\/2016\/08\/Troester-Anton.jpg 386w\" sizes=\"(max-width: 225px) 100vw, 225px\" \/>Troester, Dr. Anton.<\/strong><\/p>\n<p style=\"text-align: justify;\">Dr. Tr\u00f6ster wurde am 21.03.1869 in Rosenberg an der Moldau (Ro\u017emberk nad Vltavou) als Sohn eines Postmeisters geboren, besuchte das Gymnasium in Budweis und promovierte 1893 in Wien. Er lie\u00df sich in Eferding nieder und war als Gemeindearzt t\u00e4tig. Politisch war er im Gemeinderat engagiert und auch Obmann des Sparkassenausschusses. Er setzte sich 1925 zur Ruhe, \u00fcbergab seine Praxis an seinen \u00e4ltesten Sohn Anton und verstarb am 11.11.1932 (64) in Eferding.<\/p>\n<p style=\"text-align: justify;\">Dr. Tr\u00f6ster behandelte die Verwundeten im Schiferspital sowie im Schloss Starhemberg. Weiters war er in der Ausbildung t\u00e4tig,\u00a0 Arzt der Rettungsabteilung und Mitglied der Hilfsvereine.<\/p>\n<p>&nbsp;<\/p>\n<p><img loading=\"lazy\" decoding=\"async\" class=\"size-medium wp-image-134 alignleft\" src=\"http:\/\/www.eferding1900.at\/WP\/wp-content\/uploads\/2016\/08\/Brik-Dora-225x300.jpg\" alt=\"Brik Dora\" width=\"225\" height=\"300\" srcset=\"http:\/\/www.eferding1900.at\/WP\/wp-content\/uploads\/2016\/08\/Brik-Dora-225x300.jpg 225w, http:\/\/www.eferding1900.at\/WP\/wp-content\/uploads\/2016\/08\/Brik-Dora-110x146.jpg 110w, http:\/\/www.eferding1900.at\/WP\/wp-content\/uploads\/2016\/08\/Brik-Dora-38x50.jpg 38w, http:\/\/www.eferding1900.at\/WP\/wp-content\/uploads\/2016\/08\/Brik-Dora-56x75.jpg 56w, http:\/\/www.eferding1900.at\/WP\/wp-content\/uploads\/2016\/08\/Brik-Dora.jpg 495w\" sizes=\"(max-width: 225px) 100vw, 225px\" \/><strong>Brik, Theodora<\/strong><\/p>\n<p style=\"text-align: justify;\">Theodora Adele Johanna Maria Josefine Brik (genannt Dora) wurde am 12. J\u00e4nner 1871 in\u00a0 Znaim als Tochter der Eheleute Emma und Ing. Johann Emanuel Brik geboren und blieb selber unverheiratet. Ihr Vater war als Ingenieur und als sp\u00e4terer Hofrat einer der ber\u00fchmtesten Eisenbahnkonstrukteure seiner Zeit. Der Gro\u00dfvater auf der v\u00e4terlichen Seite war Herrmann Brik, Wundarzt und Magister der Geburtshilfe in Hermamestitz in B\u00f6hmen, die Gro\u00dfmutter Sophie eine geborene Ritter von Seifried. Ihre Mutter Emma war die Tochter von Theodor H\u00e4nlein, ein b\u00fcrgerlicher H\u00e4ndler aus Wien, und der Elisabeth, geborene Miavintzitz.<\/p>\n<p style=\"text-align: justify;\">In Eferding war sie Leiterin der Pflegest\u00e4tte Priwasserhaus und reiste nach der Aufl\u00f6sung dem Soldaten Malik aus Kolomea nach. Sie kam nach wenigen Monaten schwer traumatisiert zur\u00fcck und war in Kriegsfolge dauerhaft psychisch erkrankt. Nach l\u00e4ngerem Aufenthalt in der \u201eLandes=Irrenanstalt\u201c wurde sie entm\u00fcndigt und im Diakoniewerk Gallneukirchen untergebracht. 1941 wurde sie im Schloss Hartheim Opfer der nationalsozialistischen Euthanasie. [<a href=\"http:\/\/www.eferding1900.at\/WP\/wp-content\/uploads\/2018\/11\/Das-tragische-Schicksal-der-Dora-Brik.pdf\">Details<\/a>]<\/p>\n<p><\/div>\n\n","protected":false},"excerpt":{"rendered":"<p>Hier sind einzelne erforschte Personen beispielhaft vorgestellt.<\/p>\n","protected":false},"author":1,"featured_media":0,"parent":0,"menu_order":0,"comment_status":"closed","ping_status":"closed","template":"","meta":{"footnotes":""},"_links":{"self":[{"href":"http:\/\/www.eferding1900.at\/WP\/wp-json\/wp\/v2\/pages\/114"}],"collection":[{"href":"http:\/\/www.eferding1900.at\/WP\/wp-json\/wp\/v2\/pages"}],"about":[{"href":"http:\/\/www.eferding1900.at\/WP\/wp-json\/wp\/v2\/types\/page"}],"author":[{"embeddable":true,"href":"http:\/\/www.eferding1900.at\/WP\/wp-json\/wp\/v2\/users\/1"}],"replies":[{"embeddable":true,"href":"http:\/\/www.eferding1900.at\/WP\/wp-json\/wp\/v2\/comments?post=114"}],"version-history":[{"count":27,"href":"http:\/\/www.eferding1900.at\/WP\/wp-json\/wp\/v2\/pages\/114\/revisions"}],"predecessor-version":[{"id":425,"href":"http:\/\/www.eferding1900.at\/WP\/wp-json\/wp\/v2\/pages\/114\/revisions\/425"}],"wp:attachment":[{"href":"http:\/\/www.eferding1900.at\/WP\/wp-json\/wp\/v2\/media?parent=114"}],"curies":[{"name":"wp","href":"https:\/\/api.w.org\/{rel}","templated":true}]}}