{"id":10,"date":"2016-08-25T23:43:53","date_gmt":"2016-08-25T21:43:53","guid":{"rendered":"http:\/\/www.eferding1900.at\/WP\/?page_id=10"},"modified":"2019-09-16T22:30:54","modified_gmt":"2019-09-16T20:30:54","slug":"start","status":"publish","type":"page","link":"http:\/\/www.eferding1900.at\/WP\/","title":{"rendered":"Start"},"content":{"rendered":"<p><strong>Neue Beitr\u00e4ge<\/strong><\/p>\n<ul>\n<li><a href=\"http:\/\/www.eferding1900.at\/WP\/wp-content\/uploads\/2019\/09\/Erster_Rettungseinsatz.pdf\">Der erste dokumentierte Rettungseinsatz<\/a> der Feuerwehr Eferding 1898 (16.09.2019)<\/li>\n<li><a href=\"http:\/\/www.eferding1900.at\/WP\/wp-content\/uploads\/2019\/09\/Tag-der-Einsatzkr\u00e4fte.pdf\">Geschichte<\/a> beim Tag der Einsatzkr\u00e4fte anl\u00e4sslich 150 Jahre <a href=\"http:\/\/www.feuerwehr-eferding.at\/\">Freiwillige Feuerwehr Eferding<\/a>\u00a0(16.09.2019)<\/li>\n<li>Besichtigung der Milit\u00e4rstellung MG Nase am Pl\u00f6ckenpass <a href=\"http:\/\/www.eferding1900.at\/WP\/wp-content\/uploads\/2019\/06\/Pl\u00f6ckenpass.pdf\">[Bilder]<\/a> (09.06.2019)<\/li>\n<li><strong>Leopold M\u00f6dlauer<\/strong> &#8211; ein lungenkranker Knecht im Landsturm [<a href=\"http:\/\/www.eferding1900.at\/WP\/wp-content\/uploads\/2019\/03\/Leopold-M\u00f6dlauer.pdf\">Details<\/a>] (06.03.2019)<\/li>\n<li><strong>Dora Brik<\/strong> &#8211; Das tragische Schicksal einer Helferin [<a href=\"http:\/\/www.eferding1900.at\/WP\/wp-content\/uploads\/2018\/11\/Das-tragische-Schicksal-der-Dora-Brik.pdf\">Details<\/a>] (25.11.2018)<\/li>\n<li><strong>Josef Zeller<\/strong> &#8211; Knecht aus St.Agatha, Bauer in Breitenaich <a href=\"http:\/\/www.eferding1900.at\/WP\/wp-content\/uploads\/2018\/03\/Josef-Zeller.pdf\">[Details]<\/a> (06.03.2018)<\/li>\n<li><strong>Ernst Fischer<\/strong>,\u00a0Student der Tiermedizin <a href=\"http:\/\/www.eferding1900.at\/WP\/wp-content\/uploads\/2018\/11\/Ernst-Fischer.pdf\">[Details]<\/a>\u00a0(24.2.2018)<\/li>\n<li>Neues zu<strong> Franz Biermeier<\/strong> aus Hartkirchen <a href=\"http:\/\/www.eferding1900.at\/WP\/wp-content\/uploads\/2017\/01\/Biermeier-Franz.pdf\">[Details]<\/a>\u00a0(20.5.2017)<\/li>\n<li>Neues zu Soldat <strong>Karl Achleitner<\/strong> vulgo Minimair\u00a0aus Hinzenbach <a href=\"http:\/\/www.eferding1900.at\/WP\/wp-content\/uploads\/2017\/02\/Achleitner-Karl.pdf\">[Details]<\/a><\/li>\n<li><strong>Johann Hinterberger<\/strong>,\u00a0Bauer in Wackersbach <a href=\"http:\/\/www.eferding1900.at\/WP\/wp-content\/uploads\/2017\/02\/Hinterberger-Johann.pdf\">[Details]<\/a><\/li>\n<li>Der Eferdinger Maurer und Landsturm Infanterist <strong>Franz Zinhobler<\/strong> wurde im Schiferstift gepflegt <a href=\"http:\/\/www.eferding1900.at\/WP\/wp-content\/uploads\/2017\/02\/Franz-Zinhobler.pdf\">[Details] <\/a><\/li>\n<li>Neues zu <strong>Michael Holzm\u00fcller<\/strong> aus\u00a0Hundswies\/Prambachkirchen <a href=\"http:\/\/www.eferding1900.at\/WP\/michael-holzmueller-aus-hundswiesprambachkirchen\/\">[Details]<\/a><\/li>\n<li>Weihnachten in den Pflegest\u00e4tten 1914\u00a0<a href=\"http:\/\/www.eferding1900.at\/WP\/weihnachten-1914\/\">[Details]<\/a><\/li>\n<li>Eferdinger Soldaten in den Eferdinger Pflegest\u00e4tten, Stand der Forschung am 11.12.2016 <a href=\"http:\/\/www.eferding1900.at\/WP\/verwundete-eferdinger\/\">[Details]<\/a><\/li>\n<li>Hilfe erbeten: <strong>Hinterecker Johann<\/strong> aus Eferding <a href=\"http:\/\/www.eferding1900.at\/WP\/?p=296&amp;preview=true\">[Details]<\/a><\/li>\n<li>Hilfe erbeten: <strong>Hinterberger Josef<\/strong> aus Pupping <a href=\"http:\/\/www.eferding1900.at\/WP\/hinterberger-josef-aus-pupping\/\">[Details]<\/a><\/li>\n<li><strong>Mathias Krenmayr<\/strong> vulgo Mayr zu Staudach in Eferding gepflegt\u00a0<a href=\"http:\/\/www.eferding1900.at\/WP\/wp-content\/uploads\/2016\/12\/Krenmayr-Mathias.pdf\">[Details]<\/a><\/li>\n<li><strong>Boldog, Franz<\/strong> &#8211; Ehrung in der Friseurzeitung 1916 <a href=\"http:\/\/www.eferding1900.at\/WP\/boldog-franz-ehrung-in-der-friseurzeitung-1916\/\">[Details]<\/a><\/li>\n<li><strong>Franz Enzelsberger<\/strong>, Soldat und Unteroffizier aus Stroheim <a href=\"http:\/\/www.eferding1900.at\/WP\/enzelsberger-franz-bauer-und-unteroffizier-aus-stroheim\/\">[Details]<\/a><\/li>\n<li><strong>Johann Goldberger<\/strong>, ein Zimmermann als Infanterist im Landsturm <a href=\"http:\/\/www.eferding1900.at\/WP\/johann-goldberger-ein-stroheimer-zimmermann-als-infanterist\/\">[Details]<\/a><\/li>\n<li>Aktuelles Verzeichnis der behandelten Soldaten online, siehe\u00a0<a href=\"http:\/\/www.eferding1900.at\/WP\/soldatenverzeichnis\/\">Mithilfe<\/a> oder <a href=\"http:\/\/www.eferding1900.at\/WP\/wp-content\/uploads\/2016\/10\/2016-10-09_Soldatenverzeichnis.pdf\">[Liste anzeigen]<\/a><\/li>\n<\/ul>\n","protected":false},"excerpt":{"rendered":"<p>Neue Beitr\u00e4ge Der erste dokumentierte Rettungseinsatz der Feuerwehr Eferding 1898 (16.09.2019) Geschichte beim Tag der Einsatzkr\u00e4fte anl\u00e4sslich 150 Jahre Freiwillige Feuerwehr Eferding\u00a0(16.09.2019) Besichtigung der Milit\u00e4rstellung MG Nase am Pl\u00f6ckenpass [Bilder] (09.06.2019) Leopold M\u00f6dlauer &#8211; ein lungenkranker Knecht im Landsturm [Details] (06.03.2019) Dora Brik &#8211; Das tragische Schicksal einer Helferin [Details] (25.11.2018) Josef Zeller &#8211; Knecht aus St.Agatha, Bauer in Breitenaich [Details] (06.03.2018) Ernst Fischer,\u00a0Student der Tiermedizin [Details]\u00a0(24.2.2018) Neues zu Franz Biermeier aus Hartkirchen [Details]\u00a0(20.5.2017) Neues zu Soldat Karl Achleitner vulgo Minimair\u00a0aus Hinzenbach [Details] Johann Hinterberger,\u00a0Bauer in Wackersbach [Details] Der Eferdinger Maurer und Landsturm Infanterist Franz Zinhobler wurde im Schiferstift gepflegt [Details] Neues zu Michael Holzm\u00fcller aus\u00a0Hundswies\/Prambachkirchen [Details] Weihnachten in den Pflegest\u00e4tten 1914\u00a0[Details] Eferdinger Soldaten in den Eferdinger Pflegest\u00e4tten, Stand der Forschung am 11.12.2016 [Details] Hilfe erbeten: Hinterecker Johann aus Eferding [Details] Hilfe erbeten: Hinterberger Josef aus Pupping [Details] Mathias Krenmayr vulgo Mayr zu Staudach in Eferding gepflegt\u00a0[Details] Boldog, Franz &#8211; Ehrung in der Friseurzeitung 1916 [Details] Franz Enzelsberger, Soldat und Unteroffizier aus Stroheim [Details] Johann Goldberger, ein Zimmermann als Infanterist im Landsturm [Details] Aktuelles Verzeichnis der behandelten Soldaten online, siehe\u00a0Mithilfe oder [Liste anzeigen]<\/p>\n","protected":false},"author":1,"featured_media":0,"parent":0,"menu_order":0,"comment_status":"closed","ping_status":"closed","template":"","meta":{"footnotes":""},"_links":{"self":[{"href":"http:\/\/www.eferding1900.at\/WP\/wp-json\/wp\/v2\/pages\/10"}],"collection":[{"href":"http:\/\/www.eferding1900.at\/WP\/wp-json\/wp\/v2\/pages"}],"about":[{"href":"http:\/\/www.eferding1900.at\/WP\/wp-json\/wp\/v2\/types\/page"}],"author":[{"embeddable":true,"href":"http:\/\/www.eferding1900.at\/WP\/wp-json\/wp\/v2\/users\/1"}],"replies":[{"embeddable":true,"href":"http:\/\/www.eferding1900.at\/WP\/wp-json\/wp\/v2\/comments?post=10"}],"version-history":[{"count":53,"href":"http:\/\/www.eferding1900.at\/WP\/wp-json\/wp\/v2\/pages\/10\/revisions"}],"predecessor-version":[{"id":448,"href":"http:\/\/www.eferding1900.at\/WP\/wp-json\/wp\/v2\/pages\/10\/revisions\/448"}],"wp:attachment":[{"href":"http:\/\/www.eferding1900.at\/WP\/wp-json\/wp\/v2\/media?parent=10"}],"curies":[{"name":"wp","href":"https:\/\/api.w.org\/{rel}","templated":true}]}}